{"id":2,"date":"2024-10-15T07:07:52","date_gmt":"2024-10-15T07:07:52","guid":{"rendered":"https:\/\/www.nano2grow.com\/fr\/?page_id=2"},"modified":"2025-09-10T13:06:49","modified_gmt":"2025-09-10T10:06:49","slug":"home","status":"publish","type":"page","link":"https:\/\/www.nano2grow.com\/fr\/","title":{"rendered":"Home"},"content":{"rendered":"<div class=\"wpb-content-wrapper\"><p>[vc_row][vc_column]\n\t\t\t\t<p class=\"rs-p-wp-fix\"><\/p>\n\t\t\t\t<sr7-module data-alias=\"slider-11\" data-id=\"3\" id=\"SR7_3_1\" class=\"rs-ov-hidden\" data-version=\"6.7.18\">\n\t\t\t\t\t<sr7-adjuster><\/sr7-adjuster>\n\t\t\t\t\t<sr7-content>\n\t\t\t\t\t\t<sr7-slide id=\"SR7_3_1-7\" data-key=\"7\">\n\t\t\t\t\t\t\t<sr7-bg id=\"SR7_3_1-7-6\" class=\"sr7-layer\"><noscript><img decoding=\"async\" src=\"https:\/\/www.nano2grow.com\/fr\/wp-content\/uploads\/revslider\/slider-1\/Slide-1.jpg\" alt=\"\" title=\"Slide-1.jpg\"><\/noscript><\/sr7-bg>\n\t\t\t\t\t\t\t<sr7-txt id=\"SR7_3_1-7-0\" class=\"sr7-layer\">in a<\/sr7-txt>\n\t\t\t\t\t\t\t<a id=\"SR7_3_1-7-1\" class=\"sr7-layer\" href=\"https:\/\/www.nano2grow.com\/contact\/\" target=\"_self\">Ready to Drive Results? Start Here!<\/a>\n\t\t\t\t\t\t\t<sr7-txt id=\"SR7_3_1-7-2\" class=\"sr7-layer\">Capsule<\/sr7-txt>\n\t\t\t\t\t\t\t<sr7-txt id=\"SR7_3_1-7-3\" class=\"sr7-layer\">Productivity<\/sr7-txt>\n\t\t\t\t\t\t\t<sr7-txt id=\"SR7_3_1-7-4\" class=\"sr7-layer\">Your Daily<\/sr7-txt>\n\t\t\t\t\t\t\t<sr7-txt id=\"SR7_3_1-7-5\" class=\"sr7-layer\">Learning Dose<\/sr7-txt>\n\t\t\t\t\t\t<\/sr7-slide>\n\t\t\t\t\t\t<sr7-slide id=\"SR7_3_1-8\" data-key=\"8\">\n\t\t\t\t\t\t\t<sr7-bg id=\"SR7_3_1-8-6\" class=\"sr7-layer\"><noscript><img decoding=\"async\" src=\"https:\/\/www.nano2grow.com\/fr\/wp-content\/uploads\/revslider\/slider-1\/Slide-2.jpg\" alt=\"\" title=\"Slide-2.jpg\"><\/noscript><\/sr7-bg>\n\t\t\t\t\t\t\t<a id=\"SR7_3_1-8-1\" class=\"sr7-layer\" href=\"https:\/\/www.nano2grow.com\/contact\/\" target=\"_self\">Ready to Drive Results? Start Here!<\/a>\n\t\t\t\t\t\t\t<sr7-txt id=\"SR7_3_1-8-3\" class=\"sr7-layer\">...and then you change everything!<\/sr7-txt>\n\t\t\t\t\t\t\t<sr7-txt id=\"SR7_3_1-8-4\" class=\"sr7-layer\">With just 3 minutes a day,<\/sr7-txt>\n\t\t\t\t\t\t\t<sr7-txt id=\"SR7_3_1-8-5\" class=\"sr7-layer\">you change your habits<\/sr7-txt>\n\t\t\t\t\t\t<\/sr7-slide>\n\t\t\t\t\t\t<sr7-slide id=\"SR7_3_1-11\" data-key=\"11\">\n\t\t\t\t\t\t<\/sr7-slide>\n\t\t\t\t\t<\/sr7-content>\n\t\t\t\t\t<image_lists style=\"display:none\">\n\t\t\t\t\t\t<img data-src=\"\/\/www.nano2grow.com\/fr\/wp-content\/uploads\/revslider\/slider-1\/Slide-1.jpg\" data-libid=\"171\" data-lib=\"medialibrary\" title=\"Slide-1.jpg\" width=\"0\" height=\"0\" data-dbsrc=\"Ly93d3cubmFubzJncm93LmNvbS9mci93cC1jb250ZW50L3VwbG9hZHMvcmV2c2xpZGVyL3NsaWRlci0xL1NsaWRlLTEuanBn\"\/>\n\t\t\t\t\t\t<img data-src=\"\/\/www.nano2grow.com\/fr\/wp-content\/uploads\/revslider\/slider-1\/Slide-2.jpg\" data-libid=\"172\" data-lib=\"medialibrary\" title=\"Slide-2.jpg\" width=\"0\" height=\"0\" data-dbsrc=\"Ly93d3cubmFubzJncm93LmNvbS9mci93cC1jb250ZW50L3VwbG9hZHMvcmV2c2xpZGVyL3NsaWRlci0xL1NsaWRlLTIuanBn\"\/>\n\t\t\t\t\t\t<img data-src=\"\/\/www.nano2grow.com\/fr\/wp-content\/uploads\/revslider\/slider-1\/slide-e1728986338338.jpg\" data-libid=\"173\" data-lib=\"medialibrary\" title=\"slide-e1728986338338.jpg\" width=\"0\" height=\"0\" data-dbsrc=\"Ly93d3cubmFubzJncm93LmNvbS9mci93cC1jb250ZW50L3VwbG9hZHMvcmV2c2xpZGVyL3NsaWRlci0xL3NsaWRlLWUxNzI4OTg2MzM4MzM4LmpwZw==\"\/>\n\t\t\t\t\t\t<img data-src=\"\/\/www.nano2grow.com\/fr\/wp-content\/uploads\/revslider\/slider-1\/Slide-2-1-e1729238572964.jpg\" data-libid=\"129\" data-lib=\"medialibrary\" title=\"Slide-2-1-e1729238572964.jpg\" width=\"0\" height=\"0\" data-dbsrc=\"Ly93d3cubmFubzJncm93LmNvbS9mci93cC1jb250ZW50L3VwbG9hZHMvcmV2c2xpZGVyL3NsaWRlci0xL1NsaWRlLTItMS1lMTcyOTIzODU3Mjk2NC5qcGc=\"\/>\n\t\t\t\t\t<\/image_lists>\n\t\t\t\t<\/sr7-module>\n\t\t\t\t<script>\n\t\t\t\t\tSR7.PMH ??={}; SR7.PMH[\"SR7_3_1\"] = {cn:0,state:false,fn: function() { if (_tpt!==undefined && _tpt.prepareModuleHeight !== undefined) {  _tpt.prepareModuleHeight({id:\"SR7_3_1\",el:[710,710,768,960,720],type:'standard',shdw:'0',gh:[710,710,379,288,178],gw:[1920,1920,1024,778,480],vpt:['100px'],size:{fullWidth:true, fullHeight:false},mh:'0',onh:0,onw:0,bg:{color:'{\"orig\":\"transparent\",\"type\":\"solid\",\"string\":\"transparent\"}'}});   SR7.PMH[\"SR7_3_1\"].state=true;} else if((SR7.PMH[\"SR7_3_1\"].cn++)<100)\tsetTimeout( SR7.PMH[\"SR7_3_1\"].fn,19);}};SR7.PMH[\"SR7_3_1\" ].fn();\n\t\t\t\t<\/script>\n[\/vc_column][\/vc_row][vc_row full_width=&#8221;stretch_row&#8221; content_placement=&#8221;middle&#8221; css=&#8221;.vc_custom_1729165058509{background-color: #F4F7F9 !important;}&#8221;][vc_column width=&#8221;1\/2&#8243;][vc_raw_html css=&#8221;&#8221;]JTNDaWZyYW1lJTIwd2lkdGglM0QxMDAlMjUlMjBoZWlnaHQlM0QlMjI0NTAlMjIlMjBzcmMlM0QlMjJodHRwcyUzQSUyRiUyRnd3dy55b3V0dWJlLmNvbSUyRmVtYmVkJTJGY0RGM3BGdUM1RFklM0ZyZWwlM0QwJTIyJTIwdGl0bGUlM0QlMjJWaWRlbyUyME5hbm8lMjBFTiUyMiUyMGZyYW1lYm9yZGVyJTNEJTIyMCUyMiUyMGFsbG93JTNEJTIyYWNjZWxlcm9tZXRlciUzQiUyMGF1dG9wbGF5JTNCJTIwY2xpcGJvYXJkLXdyaXRlJTNCJTIwZW5jcnlwdGVkLW1lZGlhJTNCJTIwZ3lyb3Njb3BlJTNCJTIwcGljdHVyZS1pbi1waWN0dXJlJTNCJTIwd2ViLXNoYXJlJTIyJTIwcmVmZXJyZXJwb2xpY3klM0QlMjJzdHJpY3Qtb3JpZ2luLXdoZW4tY3Jvc3Mtb3JpZ2luJTIyJTIwYWxsb3dmdWxsc2NyZWVuJTNFJTNDJTJGaWZyYW1lJTNF[\/vc_raw_html][vc_empty_space][\/vc_column][vc_column width=&#8221;1\/2&#8243;][vc_column_text css_animation=&#8221;fadeInRight&#8221; css=&#8221;&#8221;]<\/p>\n<h2>Pourquoi les Programmes de Formation Traditionnels \u00c9chouent-ils ?<\/h2>\n<p>La formation traditionnelle en entreprise \u00e9choue souvent \u00e0 am\u00e9liorer la productivit\u00e9 des employ\u00e9s en raison de la tendance du cerveau \u00e0 oublier rapidement les informations.<\/p>\n<p>De plus, le cerveau privil\u00e9gie les habitudes \u00e9tablies plut\u00f4t que les nouvelles informations, ce qui rend difficile l&#8217;application des comp\u00e9tences acquises sans un effort d\u00e9lib\u00e9r\u00e9.<\/p>\n<p>Pour lutter contre cela, Nano2grow se concentre sur l&#8217;int\u00e9gration des connaissances dans les routines quotidiennes gr\u00e2ce \u00e0 la r\u00e9p\u00e9tition et \u00e0 des d\u00e9clencheurs strat\u00e9giques, facilitant ainsi la r\u00e9tention de m\u00e9moire \u00e0 long terme et aidant les employ\u00e9s \u00e0 d\u00e9velopper des habitudes productives.[\/vc_column_text][vc_empty_space][\/vc_column][\/vc_row][vc_row full_width=&#8221;stretch_row&#8221; css=&#8221;.vc_custom_1729165083304{background-color: #F4F7F9 !important;}&#8221;][vc_column][vc_empty_space][\/vc_column][\/vc_row][vc_row][vc_column][vc_column_text css=&#8221;&#8221;]<\/p>\n<h2 style=\"text-align: center;\">Nano Learning: Pourquoi?<\/h2>\n<p>[\/vc_column_text][\/vc_column][\/vc_row][vc_row content_placement=&#8221;middle&#8221;][vc_column css_animation=&#8221;fadeInLeft&#8221; width=&#8221;1\/3&#8243;]<span class=\"sc_icon icon-up-2 sc_icon_bg_menu aligncenter\" style=\"font-size:3em; line-height: 1em;\"><\/span>[vc_column_text css=&#8221;&#8221;]<\/p>\n<h4 style=\"text-align: center;\">Augmentation de la Productivit\u00e9<\/h4>\n<p style=\"text-align: center;\">\u00ab En se concentrant sur la r\u00e9p\u00e9tition et la formation de nouvelles habitudes, le Nano Learning peut am\u00e9liorer consid\u00e9rablement la r\u00e9tention des connaissances et leur application, augmentant ainsi la productivit\u00e9. \u00bb<\/p>\n<p>[\/vc_column_text][vc_empty_space]<span class=\"sc_icon icon-graduate-2 sc_icon_bg_menu aligncenter\" style=\"font-size:3em; line-height: 1em;\"><\/span>[vc_column_text css=&#8221;&#8221;]<\/p>\n<h4 style=\"text-align: center;\">Changement de Culture<\/h4>\n<p style=\"text-align: center;\">\u00ab Le Nano Learning soutient un changement progressif de la culture organisationnelle en renfor\u00e7ant de mani\u00e8re coh\u00e9rente les comportements et valeurs souhait\u00e9s, cr\u00e9ant un esprit commun de croissance et d\u2019adaptabilit\u00e9 \u00e0 travers toute l\u2019organisation. \u00bb<\/p>\n<p>[\/vc_column_text][\/vc_column][vc_column css_animation=&#8221;fadeIn&#8221; width=&#8221;1\/3&#8243;][vc_empty_space][vc_single_image image=&#8221;18&#8243; img_size=&#8221;full&#8221; alignment=&#8221;center&#8221; css=&#8221;&#8221;][vc_empty_space][vc_btn title=&#8221;D\u00e9couvrez nos Nano cours&#8221; style=&#8221;flat&#8221; color=&#8221;orange&#8221; size=&#8221;lg&#8221; align=&#8221;center&#8221; css=&#8221;&#8221; link=&#8221;url:https%3A%2F%2Fwww.nano2grow.com%2Ffr%2Fbibliotheque-de-nano-cours%2F&#8221;][vc_empty_space][\/vc_column][vc_column css_animation=&#8221;fadeInRight&#8221; width=&#8221;1\/3&#8243;]<span class=\"sc_icon icon-heart-2 sc_icon_bg_menu aligncenter\" style=\"font-size:3em; line-height: 1em;\"><\/span>[vc_column_text css_animation=&#8221;none&#8221; css=&#8221;&#8221;]<\/p>\n<h4 style=\"text-align: center;\">Engagement et Satisfaction<\/h4>\n<p style=\"text-align: center;\">\u00ab La flexibilit\u00e9, la bri\u00e8vet\u00e9 et la praticit\u00e9 des modules de Nano Learning conduisent \u00e0 des niveaux plus \u00e9lev\u00e9s d\u2019engagement et de satisfaction des employ\u00e9s. \u00bb<\/p>\n<p>[\/vc_column_text][vc_empty_space]<span class=\"sc_icon icon-check-2 sc_icon_bg_menu aligncenter\" style=\"font-size:3em; line-height: 1em;\"><\/span>[vc_column_text css=&#8221;&#8221;]<\/p>\n<h4 style=\"text-align: center;\">ROI Positif (Retour sur Investissement)<\/h4>\n<p style=\"text-align: center;\">\u00ab Le Nano Learning, gr\u00e2ce \u00e0 de courtes le\u00e7ons quotidiennes, entra\u00eene une augmentation significative et mesurable de la productivit\u00e9 sans que les employ\u00e9s aient \u00e0 consacrer un temps de travail pr\u00e9cieux \u00e0 la formation. \u00bb<\/p>\n<p>[\/vc_column_text][\/vc_column][\/vc_row][vc_row full_width=&#8221;stretch_row&#8221; css=&#8221;.vc_custom_1729165306761{background-color: #FFFFFF !important;}&#8221;][vc_column][vc_empty_space][\/vc_column][\/vc_row][vc_row full_width=&#8221;stretch_row&#8221; css=&#8221;.vc_custom_1729165248045{background-color: #F4F7F9 !important;}&#8221;][vc_column][vc_empty_space][\/vc_column][\/vc_row][vc_row full_width=&#8221;stretch_row&#8221; content_placement=&#8221;middle&#8221; css=&#8221;.vc_custom_1729165153479{background-color: #F4F7F9 !important;}&#8221;][vc_column width=&#8221;1\/2&#8243;][vc_single_image image=&#8221;20&#8243; img_size=&#8221;full&#8221; alignment=&#8221;center&#8221; css=&#8221;&#8221;][vc_empty_space][\/vc_column][vc_column width=&#8221;1\/2&#8243;][vc_column_text css_animation=&#8221;fadeInRight&#8221; css=&#8221;&#8221;]<\/p>\n<h2>Comment \u00c7a Marche<\/h2>\n<h4>Anatomie d&#8217;un Nano Cours<\/h4>\n<p><strong>\u25aa\ufe0f Apprentissage Quotidien : <\/strong>Investissez seulement 1 \u00e0 2 minutes par jour depuis votre t\u00e9l\u00e9phone mobile (ou votre ordinateur).<strong><br \/>\n\u25aa\ufe0f Notifications Instantan\u00e9es : <\/strong>ClickLink pour un acc\u00e8s imm\u00e9diat et facile, sans identifiants ni mots de passe !<strong><br \/>\n\u25aa\ufe0f Comp\u00e9tences Applicables : <\/strong>Des sc\u00e9narios r\u00e9els pour am\u00e9liorer les techniques dans chaque domaine de travail.<strong><br \/>\n\u25aa\ufe0f Comp\u00e9tences \u00e0 Fort Impact : <\/strong>Concentrez-vous sur les comp\u00e9tences les plus importantes.<strong><br \/>\n\u25aa\ufe0f R\u00e9sultats Mesurables : <\/strong>Observez des am\u00e9liorations notables d\u00e8s le premier mois d\u2019utilisation r\u00e9guli\u00e8re.[\/vc_column_text][vc_empty_space][vc_btn title=&#8221;D\u00e9couvrez nos Nano cours&#8221; style=&#8221;flat&#8221; color=&#8221;orange&#8221; size=&#8221;lg&#8221; css=&#8221;&#8221; link=&#8221;url:https%3A%2F%2Fwww.nano2grow.com%2Ffr%2Fbibliotheque-de-nano-cours%2F&#8221;][vc_empty_space][\/vc_column][\/vc_row][vc_row full_width=&#8221;stretch_row&#8221; css=&#8221;.vc_custom_1729165266140{background-color: #F4F7F9 !important;}&#8221;][vc_column][vc_empty_space][\/vc_column][\/vc_row][vc_row][vc_column][vc_column_text css=&#8221;&#8221;]<\/p>\n<h2 style=\"text-align: center;\">Nano Learning &amp; KPI\u2019s de la Formation<\/h2>\n<p>[\/vc_column_text][vc_empty_space][\/vc_column][\/vc_row][vc_row][vc_column css_animation=&#8221;bounceInUp&#8221; width=&#8221;1\/5&#8243;]<span class=\"sc_icon icon-rocket-2 sc_icon_bg_menu aligncenter\" style=\"font-size:7em; line-height: 1em;\"><\/span>[vc_column_text css=&#8221;&#8221;]<\/p>\n<h3 style=\"text-align: center;\"><span style=\"color: #fbb614;\">95%<\/span><\/h3>\n<h4 style=\"text-align: center;\">Niveau d&#8217;Apprentissage<\/h4>\n<p style=\"text-align: center;\">Nano Learning : 80-95% de compr\u00e9hension et de r\u00e9tention des connaissances contre 50-70% pour la formation traditionnelle. De petites doses de connaissances am\u00e9liorent l&#8217;attention et la m\u00e9moire.<\/p>\n<p>[\/vc_column_text][vc_empty_space][\/vc_column][vc_column css_animation=&#8221;bounceInDown&#8221; width=&#8221;1\/5&#8243;]<span class=\"sc_icon icon-check-2 sc_icon_bg_menu aligncenter\" style=\"font-size:7em; line-height: 1em;\"><\/span>[vc_column_text css=&#8221;&#8221;]<\/p>\n<h3 style=\"text-align: center;\"><span style=\"color: #fbb614;\">90%<\/span><\/h3>\n<h4 style=\"text-align: center;\">Application des Connaissances<\/h4>\n<p style=\"text-align: center;\">Nano Learning : 70-90% d&#8217;application imm\u00e9diate des comp\u00e9tences contre 20-40% pour la formation traditionnelle. L&#8217;apprentissage quotidien favorise le transfert des connaissances en pratique.<\/p>\n<p>[\/vc_column_text][vc_empty_space][\/vc_column][vc_column css_animation=&#8221;bounceInUp&#8221; width=&#8221;1\/5&#8243;]<span class=\"sc_icon icon-users-2 sc_icon_bg_menu aligncenter\" style=\"font-size:7em; line-height: 1em;\"><\/span>[vc_column_text css=&#8221;&#8221;]<\/p>\n<h3 style=\"text-align: center;\"><span style=\"color: #fbb614;\">98%<\/span><\/h3>\n<h4 style=\"text-align: center;\">Engagement des Employ\u00e9s<\/h4>\n<p style=\"text-align: center;\">Nano Learning : 85-98% d&#8217;engagement et de satisfaction contre 60-75%. Les modules courts et interactifs s&#8217;adaptent \u00e0 la journ\u00e9e de travail moderne.<\/p>\n<p>[\/vc_column_text][vc_empty_space][\/vc_column][vc_column css_animation=&#8221;bounceInDown&#8221; width=&#8221;1\/5&#8243;]<span class=\"sc_icon icon-agenda-2 sc_icon_bg_menu aligncenter\" style=\"font-size:7em; line-height: 1em;\"><\/span>[vc_column_text css=&#8221;&#8221;]<\/p>\n<h3 style=\"text-align: center;\"><span style=\"color: #fbb614;\">100%<\/span><\/h3>\n<h4 style=\"text-align: center;\">R\u00e9sultats Commerciaux<\/h4>\n<p style=\"text-align: center;\">Nano Learning : Am\u00e9lioration des KPI de performance de 20-30% plus rapide. L&#8217;apprentissage progressif s&#8217;adapte aux objectifs, entra\u00eenant des b\u00e9n\u00e9fices commerciaux mesurables.<\/p>\n<p>[\/vc_column_text][vc_empty_space][\/vc_column][vc_column css_animation=&#8221;bounceInUp&#8221; width=&#8221;1\/5&#8243;]<span class=\"sc_icon icon-up-2 sc_icon_bg_menu aligncenter\" style=\"font-size:7em; line-height: 1em;\"><\/span>[vc_column_text css=&#8221;&#8221;]<\/p>\n<h3 style=\"text-align: center;\"><span style=\"color: #fbb614;\">70%<br \/>\n<\/span><\/h3>\n<h4 style=\"text-align: center;\">ROI de la Formation<\/h4>\n<p style=\"text-align: center;\">Nano Learning : ROI sup\u00e9rieur de 50-70% par rapport \u00e0 la formation traditionnelle. L&#8217;efficacit\u00e9 et la consommation de ressources r\u00e9duite diminuent le co\u00fbt par employ\u00e9 et augmentent la valeur de la formation.<\/p>\n<p>[\/vc_column_text][vc_empty_space][\/vc_column][\/vc_row][vc_row][vc_column][vc_empty_space height=&#8221;50px&#8221;][vc_btn title=&#8221;Voir les d\u00e9tails complets ici&#8221; style=&#8221;flat&#8221; color=&#8221;orange&#8221; size=&#8221;lg&#8221; align=&#8221;center&#8221; css=&#8221;&#8221; link=&#8221;url:https%3A%2F%2Fwww.nano2grow.com%2Ffr%2Fsources%2F|target:_blank&#8221;][\/vc_column][\/vc_row][vc_row][vc_column][vc_empty_space height=&#8221;50px&#8221;][vc_single_image image=&#8221;130&#8243; img_size=&#8221;full&#8221; alignment=&#8221;center&#8221; onclick=&#8221;custom_link&#8221; css_animation=&#8221;fadeIn&#8221; css=&#8221;&#8221; link=&#8221;https:\/\/www.nano2grow.com\/fr\/contact\/&#8221;][\/vc_column][\/vc_row]<\/p>\n<\/div>","protected":false},"excerpt":{"rendered":"<p>[vc_row][vc_column][\/vc_column][\/vc_row][vc_row full_width=&#8221;stretch_row&#8221; content_placement=&#8221;middle&#8221; css=&#8221;.vc_custom_1729165058509{background-color: #F4F7F9 !important;}&#8221;][vc_column width=&#8221;1\/2&#8243;][vc_raw_html css=&#8221;&#8221;]JTNDaWZyYW1lJTIwd2lkdGglM0QxMDAlMjUlMjBoZWlnaHQlM0QlMjI0NTAlMjIlMjBzcmMlM0QlMjJodHRwcyUzQSUyRiUyRnd3dy55b3V0dWJlLmNvbSUyRmVtYmVkJTJGY0RGM3BGdUM1RFklM0ZyZWwlM0QwJTIyJTIwdGl0bGUlM0QlMjJWaWRlbyUyME5hbm8lMjBFTiUyMiUyMGZyYW1lYm9yZGVyJTNEJTIyMCUyMiUyMGFsbG93JTNEJTIyYWNjZWxlcm9tZXRlciUzQiUyMGF1dG9wbGF5JTNCJTIwY2xpcGJvYXJkLXdyaXRlJTNCJTIwZW5jcnlwdGVkLW1lZGlhJTNCJTIwZ3lyb3Njb3BlJTNCJTIwcGljdHVyZS1pbi1waWN0dXJlJTNCJTIwd2ViLXNoYXJlJTIyJTIwcmVmZXJyZXJwb2xpY3klM0QlMjJzdHJpY3Qtb3JpZ2luLXdoZW4tY3Jvc3Mtb3JpZ2luJTIyJTIwYWxsb3dmdWxsc2NyZWVuJTNFJTNDJTJGaWZyYW1lJTNF[\/vc_raw_html][vc_empty_space][\/vc_column][vc_column width=&#8221;1\/2&#8243;][vc_column_text css_animation=&#8221;fadeInRight&#8221; css=&#8221;&#8221;] Pourquoi les Programmes de Formation Traditionnels \u00c9chouent-ils ? La formation traditionnelle en entreprise \u00e9choue souvent \u00e0 am\u00e9liorer la productivit\u00e9 des employ\u00e9s en raison de la tendance du cerveau \u00e0 oublier rapidement les informations. De plus, le cerveau privil\u00e9gie les habitudes \u00e9tablies plut\u00f4t que les [&hellip;]<\/p>\n","protected":false},"author":1,"featured_media":0,"parent":0,"menu_order":0,"comment_status":"closed","ping_status":"open","template":"","meta":{"footnotes":""},"class_list":["post-2","page","type-page","status-publish","hentry"],"_links":{"self":[{"href":"https:\/\/www.nano2grow.com\/fr\/wp-json\/wp\/v2\/pages\/2","targetHints":{"allow":["GET"]}}],"collection":[{"href":"https:\/\/www.nano2grow.com\/fr\/wp-json\/wp\/v2\/pages"}],"about":[{"href":"https:\/\/www.nano2grow.com\/fr\/wp-json\/wp\/v2\/types\/page"}],"author":[{"embeddable":true,"href":"https:\/\/www.nano2grow.com\/fr\/wp-json\/wp\/v2\/users\/1"}],"replies":[{"embeddable":true,"href":"https:\/\/www.nano2grow.com\/fr\/wp-json\/wp\/v2\/comments?post=2"}],"version-history":[{"count":31,"href":"https:\/\/www.nano2grow.com\/fr\/wp-json\/wp\/v2\/pages\/2\/revisions"}],"predecessor-version":[{"id":175,"href":"https:\/\/www.nano2grow.com\/fr\/wp-json\/wp\/v2\/pages\/2\/revisions\/175"}],"wp:attachment":[{"href":"https:\/\/www.nano2grow.com\/fr\/wp-json\/wp\/v2\/media?parent=2"}],"curies":[{"name":"wp","href":"https:\/\/api.w.org\/{rel}","templated":true}]}}