{"id":27,"date":"2024-10-15T16:25:47","date_gmt":"2024-10-15T13:25:47","guid":{"rendered":"https:\/\/www.nano2grow.com\/fr\/?page_id=27"},"modified":"2024-10-17T16:26:57","modified_gmt":"2024-10-17T13:26:57","slug":"a-propos-de-nous","status":"publish","type":"page","link":"https:\/\/www.nano2grow.com\/fr\/a-propos-de-nous\/","title":{"rendered":"\u00c0 Propos de Nous"},"content":{"rendered":"<div class=\"wpb-content-wrapper\"><p>[vc_row content_placement=&#8221;middle&#8221; css_animation=&#8221;fadeIn&#8221;][vc_column width=&#8221;1\/2&#8243;][vc_single_image image=&#8221;29&#8243; img_size=&#8221;full&#8221; css=&#8221;&#8221;][vc_empty_space][\/vc_column][vc_column width=&#8221;1\/2&#8243;][vc_column_text css=&#8221;&#8221;]<\/p>\n<h2>Notre Vision<\/h2>\n<p>Notre vision est un avenir o\u00f9 les gens g\u00e8rent leur d\u00e9veloppement personnel et professionnel en cr\u00e9ant des mod\u00e8les \u00e9conomiques qui promeuvent la soci\u00e9t\u00e9 et le bien-\u00eatre (du grec \u2018\u0395\u03a5 \u0396\u0397\u039d\u2019).[\/vc_column_text][vc_empty_space][\/vc_column][\/vc_row][vc_row][vc_column][vc_empty_space height=&#8221;25px&#8221;][\/vc_column][\/vc_row][vc_row content_placement=&#8221;middle&#8221; css_animation=&#8221;fadeIn&#8221;][vc_column width=&#8221;1\/2&#8243;][vc_single_image image=&#8221;28&#8243; img_size=&#8221;full&#8221; css=&#8221;&#8221;][vc_empty_space][\/vc_column][vc_column width=&#8221;1\/2&#8243;][vc_column_text css=&#8221;&#8221;]<\/p>\n<h2>Notre Mission<\/h2>\n<p>Notre mission est de cr\u00e9er des solutions d&#8217;apprentissage num\u00e9rique\/intelligent abordables et efficaces, connect\u00e9es au c\u0153ur de la culture d&#8217;entreprise, facilitant l&#8217;apprentissage, l&#8217;adaptation et la croissance des \u00e9quipes et des individus dans un monde en constante \u00e9volution.[\/vc_column_text][vc_empty_space][\/vc_column][\/vc_row][vc_row][vc_column][vc_empty_space height=&#8221;25px&#8221;][\/vc_column][\/vc_row][vc_row content_placement=&#8221;middle&#8221; css_animation=&#8221;fadeIn&#8221;][vc_column width=&#8221;1\/2&#8243;][vc_single_image image=&#8221;28&#8243; img_size=&#8221;full&#8221; css=&#8221;&#8221;][vc_empty_space][\/vc_column][vc_column width=&#8221;1\/2&#8243;][vc_column_text css=&#8221;&#8221;]<\/p>\n<h2>Notre Approche<\/h2>\n<p>Chez Nano2grow, nous croyons au pouvoir des petites \u00e9tapes pour cr\u00e9er de grands changements. Notre approche du Nano Apprentissage se concentre sur l&#8217;int\u00e9gration de l&#8217;apprentissage dans les habitudes quotidiennes, transformant la connaissance en action et favorisant une croissance continue.[\/vc_column_text][vc_empty_space][\/vc_column][\/vc_row]<\/p>\n<\/div>","protected":false},"excerpt":{"rendered":"<p>[vc_row content_placement=&#8221;middle&#8221; css_animation=&#8221;fadeIn&#8221;][vc_column width=&#8221;1\/2&#8243;][vc_single_image image=&#8221;29&#8243; img_size=&#8221;full&#8221; css=&#8221;&#8221;][vc_empty_space][\/vc_column][vc_column width=&#8221;1\/2&#8243;][vc_column_text css=&#8221;&#8221;] Notre Vision Notre vision est un avenir o\u00f9 les gens g\u00e8rent leur d\u00e9veloppement personnel et professionnel en cr\u00e9ant des mod\u00e8les \u00e9conomiques qui promeuvent la soci\u00e9t\u00e9 et le bien-\u00eatre (du grec \u2018\u0395\u03a5 \u0396\u0397\u039d\u2019).[\/vc_column_text][vc_empty_space][\/vc_column][\/vc_row][vc_row][vc_column][vc_empty_space height=&#8221;25px&#8221;][\/vc_column][\/vc_row][vc_row content_placement=&#8221;middle&#8221; css_animation=&#8221;fadeIn&#8221;][vc_column width=&#8221;1\/2&#8243;][vc_single_image image=&#8221;28&#8243; img_size=&#8221;full&#8221; css=&#8221;&#8221;][vc_empty_space][\/vc_column][vc_column width=&#8221;1\/2&#8243;][vc_column_text css=&#8221;&#8221;] Notre Mission Notre mission est [&hellip;]<\/p>\n","protected":false},"author":1,"featured_media":0,"parent":0,"menu_order":0,"comment_status":"closed","ping_status":"closed","template":"","meta":{"footnotes":""},"class_list":["post-27","page","type-page","status-publish","hentry"],"_links":{"self":[{"href":"https:\/\/www.nano2grow.com\/fr\/wp-json\/wp\/v2\/pages\/27","targetHints":{"allow":["GET"]}}],"collection":[{"href":"https:\/\/www.nano2grow.com\/fr\/wp-json\/wp\/v2\/pages"}],"about":[{"href":"https:\/\/www.nano2grow.com\/fr\/wp-json\/wp\/v2\/types\/page"}],"author":[{"embeddable":true,"href":"https:\/\/www.nano2grow.com\/fr\/wp-json\/wp\/v2\/users\/1"}],"replies":[{"embeddable":true,"href":"https:\/\/www.nano2grow.com\/fr\/wp-json\/wp\/v2\/comments?post=27"}],"version-history":[{"count":9,"href":"https:\/\/www.nano2grow.com\/fr\/wp-json\/wp\/v2\/pages\/27\/revisions"}],"predecessor-version":[{"id":123,"href":"https:\/\/www.nano2grow.com\/fr\/wp-json\/wp\/v2\/pages\/27\/revisions\/123"}],"wp:attachment":[{"href":"https:\/\/www.nano2grow.com\/fr\/wp-json\/wp\/v2\/media?parent=27"}],"curies":[{"name":"wp","href":"https:\/\/api.w.org\/{rel}","templated":true}]}}