{"id":45,"date":"2024-10-16T10:20:13","date_gmt":"2024-10-16T07:20:13","guid":{"rendered":"https:\/\/www.nano2grow.com\/fr\/?page_id=45"},"modified":"2024-10-18T14:18:31","modified_gmt":"2024-10-18T11:18:31","slug":"contact","status":"publish","type":"page","link":"https:\/\/www.nano2grow.com\/fr\/contact\/","title":{"rendered":"Contact"},"content":{"rendered":"<div class=\"wpb-content-wrapper\"><p>[vc_row][vc_column][vc_column_text css=&#8221;&#8221;]<\/p>\n<h2>Contactez-Nous<\/h2>\n<p>Vous souhaitez renforcer votre \u00e9quipe avec des Plans de Nano Apprentissage ? Commen\u00e7ons !<\/p>\n<p>Remplissez le formulaire ci-dessous, et l&#8217;un de nos sp\u00e9cialistes vous contactera pour discuter de la mani\u00e8re dont nous pouvons aider \u00e0 stimuler la croissance de votre entreprise gr\u00e2ce \u00e0 des solutions de formation intelligentes.[\/vc_column_text][vc_empty_space height=&#8221;50px&#8221;]\n<div class=\"wpcf7 no-js\" id=\"wpcf7-f7-o1\" lang=\"en-US\" dir=\"ltr\">\n<div class=\"screen-reader-response\"><p role=\"status\" aria-live=\"polite\" aria-atomic=\"true\"><\/p> <ul><\/ul><\/div>\n<form action=\"\/fr\/wp-json\/wp\/v2\/pages\/45#wpcf7-f7-o1\" method=\"post\" class=\"wpcf7-form init wpcf7-acceptance-as-validation\" aria-label=\"Contact form\" novalidate=\"novalidate\" data-status=\"init\">\n<div style=\"display: none;\">\n<input type=\"hidden\" name=\"_wpcf7\" value=\"7\" \/>\n<input type=\"hidden\" name=\"_wpcf7_version\" value=\"5.9.8\" \/>\n<input type=\"hidden\" name=\"_wpcf7_locale\" value=\"en_US\" \/>\n<input type=\"hidden\" name=\"_wpcf7_unit_tag\" value=\"wpcf7-f7-o1\" \/>\n<input type=\"hidden\" name=\"_wpcf7_container_post\" value=\"0\" \/>\n<input type=\"hidden\" name=\"_wpcf7_posted_data_hash\" value=\"\" \/>\n<input type=\"hidden\" name=\"_wpcf7_recaptcha_response\" value=\"\" \/>\n<\/div>\n<p><label> Nom complet :<br \/>\n<span class=\"wpcf7-form-control-wrap\" data-name=\"your-name\"><input size=\"40\" maxlength=\"400\" class=\"wpcf7-form-control wpcf7-text wpcf7-validates-as-required\" aria-required=\"true\" aria-invalid=\"false\" value=\"\" type=\"text\" name=\"your-name\" \/><\/span> <\/label>\n<\/p>\n<p><label> Nom de l'entreprise :<br \/>\n<span class=\"wpcf7-form-control-wrap\" data-name=\"your-company\"><input size=\"40\" maxlength=\"400\" class=\"wpcf7-form-control wpcf7-text wpcf7-validates-as-required\" aria-required=\"true\" aria-invalid=\"false\" value=\"\" type=\"text\" name=\"your-company\" \/><\/span> <\/label>\n<\/p>\n<p><label> Titre du poste :<br \/>\n<span class=\"wpcf7-form-control-wrap\" data-name=\"your-job\"><input size=\"40\" maxlength=\"400\" class=\"wpcf7-form-control wpcf7-text wpcf7-validates-as-required\" aria-required=\"true\" aria-invalid=\"false\" value=\"\" type=\"text\" name=\"your-job\" \/><\/span> <\/label>\n<\/p>\n<p><label> Adresse e-mail :<br \/>\n<span class=\"wpcf7-form-control-wrap\" data-name=\"your-email\"><input size=\"40\" maxlength=\"400\" class=\"wpcf7-form-control wpcf7-email wpcf7-validates-as-required wpcf7-text wpcf7-validates-as-email\" autocomplete=\"email\" aria-required=\"true\" aria-invalid=\"false\" value=\"\" type=\"email\" name=\"your-email\" \/><\/span> <\/label>\n<\/p>\n<p><label> Num\u00e9ro de t\u00e9l\u00e9phone : (optionnel)<br \/>\n<span class=\"wpcf7-form-control-wrap\" data-name=\"your-phone\"><input size=\"40\" maxlength=\"400\" class=\"wpcf7-form-control wpcf7-text\" aria-invalid=\"false\" value=\"\" type=\"text\" name=\"your-phone\" \/><\/span> <\/label>\n<\/p>\n<p><label> <strong>M\u00e9thode de contact pr\u00e9f\u00e9r\u00e9e :<\/strong><br \/>\n<span class=\"wpcf7-form-control-wrap\" data-name=\"contact-method\"><span class=\"wpcf7-form-control wpcf7-checkbox wpcf7-validates-as-required\"><span class=\"wpcf7-list-item first\"><label><input type=\"checkbox\" name=\"contact-method[]\" value=\"Email\" \/><span class=\"wpcf7-list-item-label\">Email<\/span><\/label><\/span><span class=\"wpcf7-list-item\"><label><input type=\"checkbox\" name=\"contact-method[]\" value=\"T\u00e9l\u00e9phone\" \/><span class=\"wpcf7-list-item-label\">T\u00e9l\u00e9phone<\/span><\/label><\/span><span class=\"wpcf7-list-item last\"><label><input type=\"checkbox\" name=\"contact-method[]\" value=\"Appel vid\u00e9o\" \/><span class=\"wpcf7-list-item-label\">Appel vid\u00e9o<\/span><\/label><\/span><\/span><\/span> <\/label>\n<\/p>\n<p><label> <strong>Nombre d'employ\u00e9s :<\/strong><br \/>\nS\u00e9lectionnez une option :<br \/>\n<span class=\"wpcf7-form-control-wrap\" data-name=\"employees\"><span class=\"wpcf7-form-control wpcf7-radio\"><span class=\"wpcf7-list-item first\"><label><input type=\"radio\" name=\"employees\" value=\"0\" checked=\"checked\" \/><span class=\"wpcf7-list-item-label\">0<\/span><\/label><\/span><span class=\"wpcf7-list-item\"><label><input type=\"radio\" name=\"employees\" value=\"1-50\" \/><span class=\"wpcf7-list-item-label\">1-50<\/span><\/label><\/span><span class=\"wpcf7-list-item\"><label><input type=\"radio\" name=\"employees\" value=\"51-200\" \/><span class=\"wpcf7-list-item-label\">51-200<\/span><\/label><\/span><span class=\"wpcf7-list-item\"><label><input type=\"radio\" name=\"employees\" value=\"201-500\" \/><span class=\"wpcf7-list-item-label\">201-500<\/span><\/label><\/span><span class=\"wpcf7-list-item\"><label><input type=\"radio\" name=\"employees\" value=\"501-1000\" \/><span class=\"wpcf7-list-item-label\">501-1000<\/span><\/label><\/span><span class=\"wpcf7-list-item last\"><label><input type=\"radio\" name=\"employees\" value=\"1000+\" \/><span class=\"wpcf7-list-item-label\">1000+<\/span><\/label><\/span><\/span><\/span><br \/>\n<\/label>\n<\/p>\n<p><label> <strong>Int\u00e9ress\u00e9 par :<\/strong> (optionnel)<br \/>\nVeuillez s\u00e9lectionner les domaines d'int\u00e9r\u00eat :<br \/>\n<span class=\"wpcf7-form-control-wrap\" data-name=\"interests\"><span class=\"wpcf7-form-control wpcf7-checkbox\"><span class=\"wpcf7-list-item first\"><label><input type=\"checkbox\" name=\"interests[]\" value=\"\u00c9valuation de performance annuelle\" \/><span class=\"wpcf7-list-item-label\">\u00c9valuation de performance annuelle<\/span><\/label><\/span><span class=\"wpcf7-list-item\"><label><input type=\"checkbox\" name=\"interests[]\" value=\"Leadership\" \/><span class=\"wpcf7-list-item-label\">Leadership<\/span><\/label><\/span><span class=\"wpcf7-list-item\"><label><input type=\"checkbox\" name=\"interests[]\" value=\"R\u00e9solution de probl\u00e8mes\" \/><span class=\"wpcf7-list-item-label\">R\u00e9solution de probl\u00e8mes<\/span><\/label><\/span><span class=\"wpcf7-list-item\"><label><input type=\"checkbox\" name=\"interests[]\" value=\"Comp\u00e9tences interpersonnelles\" \/><span class=\"wpcf7-list-item-label\">Comp\u00e9tences interpersonnelles<\/span><\/label><\/span><span class=\"wpcf7-list-item\"><label><input type=\"checkbox\" name=\"interests[]\" value=\"Intelligence \u00e9motionnelle\" \/><span class=\"wpcf7-list-item-label\">Intelligence \u00e9motionnelle<\/span><\/label><\/span><span class=\"wpcf7-list-item\"><label><input type=\"checkbox\" name=\"interests[]\" value=\"Retour d&#039;information\" \/><span class=\"wpcf7-list-item-label\">Retour d&#039;information<\/span><\/label><\/span><span class=\"wpcf7-list-item\"><label><input type=\"checkbox\" name=\"interests[]\" value=\"Communication\" \/><span class=\"wpcf7-list-item-label\">Communication<\/span><\/label><\/span><span class=\"wpcf7-list-item\"><label><input type=\"checkbox\" name=\"interests[]\" value=\"Collaboration\" \/><span class=\"wpcf7-list-item-label\">Collaboration<\/span><\/label><\/span><span class=\"wpcf7-list-item\"><label><input type=\"checkbox\" name=\"interests[]\" value=\"Bien-\u00eatre\" \/><span class=\"wpcf7-list-item-label\">Bien-\u00eatre<\/span><\/label><\/span><span class=\"wpcf7-list-item\"><label><input type=\"checkbox\" name=\"interests[]\" value=\"Travail d&#039;\u00e9quipe\" \/><span class=\"wpcf7-list-item-label\">Travail d&#039;\u00e9quipe<\/span><\/label><\/span><span class=\"wpcf7-list-item\"><label><input type=\"checkbox\" name=\"interests[]\" value=\"Ventes B2B\" \/><span class=\"wpcf7-list-item-label\">Ventes B2B<\/span><\/label><\/span><span class=\"wpcf7-list-item\"><label><input type=\"checkbox\" name=\"interests[]\" value=\"Ventes B2C\" \/><span class=\"wpcf7-list-item-label\">Ventes B2C<\/span><\/label><\/span><span class=\"wpcf7-list-item\"><label><input type=\"checkbox\" name=\"interests[]\" value=\"Analyse des lacunes en comp\u00e9tences\" \/><span class=\"wpcf7-list-item-label\">Analyse des lacunes en comp\u00e9tences<\/span><\/label><\/span><span class=\"wpcf7-list-item\"><label><input type=\"checkbox\" name=\"interests[]\" value=\"Nano2grow360\u00b0\" \/><span class=\"wpcf7-list-item-label\">Nano2grow360\u00b0<\/span><\/label><\/span><span class=\"wpcf7-list-item\"><label><input type=\"checkbox\" name=\"interests[]\" value=\"Plan personnalis\u00e9 Nano\" \/><span class=\"wpcf7-list-item-label\">Plan personnalis\u00e9 Nano<\/span><\/label><\/span><span class=\"wpcf7-list-item last\"><label><input type=\"checkbox\" name=\"interests[]\" value=\"Autre\" \/><span class=\"wpcf7-list-item-label\">Autre<\/span><\/label><\/span><\/span><\/span><br \/>\n<\/label>\n<\/p>\n<p><label> <strong>Quels sont vos objectifs de formation principaux ?<\/strong> (optionnel)<br \/>\nDites-nous vos objectifs et les comp\u00e9tences sp\u00e9cifiques que vous souhaitez d\u00e9velopper au sein de votre \u00e9quipe.<br \/>\n<span class=\"wpcf7-form-control-wrap\" data-name=\"goals-text\"><textarea cols=\"40\" rows=\"10\" maxlength=\"2000\" class=\"wpcf7-form-control wpcf7-textarea\" aria-invalid=\"false\" name=\"goals-text\"><\/textarea><\/span><br \/>\n<\/label>\n<\/p>\n<p><label> <strong>Comment avez-vous entendu parler de nous ?<\/strong> (optionnel)<br \/>\nS\u00e9lectionnez une option :<br \/>\n<span class=\"wpcf7-form-control-wrap\" data-name=\"how-did-you-hear\"><span class=\"wpcf7-form-control wpcf7-checkbox\"><span class=\"wpcf7-list-item first\"><label><input type=\"checkbox\" name=\"how-did-you-hear[]\" value=\"Recherche en ligne\" \/><span class=\"wpcf7-list-item-label\">Recherche en ligne<\/span><\/label><\/span><span class=\"wpcf7-list-item\"><label><input type=\"checkbox\" name=\"how-did-you-hear[]\" value=\"R\u00e9seaux sociaux (LinkedIn, YouTube, Instagram, Facebook)\" \/><span class=\"wpcf7-list-item-label\">R\u00e9seaux sociaux (LinkedIn, YouTube, Instagram, Facebook)<\/span><\/label><\/span><span class=\"wpcf7-list-item\"><label><input type=\"checkbox\" name=\"how-did-you-hear[]\" value=\"R\u00e9f\u00e9rence\" \/><span class=\"wpcf7-list-item-label\">R\u00e9f\u00e9rence<\/span><\/label><\/span><span class=\"wpcf7-list-item\"><label><input type=\"checkbox\" name=\"how-did-you-hear[]\" value=\"Publicit\u00e9\" \/><span class=\"wpcf7-list-item-label\">Publicit\u00e9<\/span><\/label><\/span><span class=\"wpcf7-list-item last\"><label><input type=\"checkbox\" name=\"how-did-you-hear[]\" value=\"Autre\" \/><span class=\"wpcf7-list-item-label\">Autre<\/span><\/label><\/span><\/span><\/span><br \/>\n<\/label>\n<\/p>\n<p><label> <strong>Commentaires ou questions suppl\u00e9mentaires :<\/strong> (optionnel)<br \/>\nFaites-nous savoir si vous avez d'autres d\u00e9tails ou demandes sp\u00e9cifiques.<br \/>\n<span class=\"wpcf7-form-control-wrap\" data-name=\"your-message\"><textarea cols=\"40\" rows=\"10\" maxlength=\"2000\" class=\"wpcf7-form-control wpcf7-textarea\" aria-invalid=\"false\" name=\"your-message\"><\/textarea><\/span> <\/label>\n<\/p>\n<p><span class=\"wpcf7-form-control-wrap\" data-name=\"your-consent\"><span class=\"wpcf7-form-control wpcf7-acceptance\"><span class=\"wpcf7-list-item\"><label><input type=\"checkbox\" name=\"your-consent\" value=\"1\" aria-invalid=\"false\" \/><span class=\"wpcf7-list-item-label\">En utilisant ce formulaire de contact, vous acceptez le stockage et la gestion de vos donn\u00e9es par ce site web.<\/span><\/label><\/span><\/span><\/span>\n<\/p>\n<p>At Nano 2Grow we are committed to protecting your privacy, according to our <a href=\"https:\/\/www.nano2grow.com\/fr\/privacy-policy\/\" target=\"_blank\">Privacy Policy<\/a>\n<\/p>\n<p><input class=\"wpcf7-form-control wpcf7-submit has-spinner\" type=\"submit\" value=\"Submit\" \/>\n<\/p><div class=\"wpcf7-response-output\" aria-hidden=\"true\"><\/div>\n<\/form>\n<\/div>\n[\/vc_column][\/vc_row]<\/p>\n<\/div>","protected":false},"excerpt":{"rendered":"<p>[vc_row][vc_column][vc_column_text css=&#8221;&#8221;] Contactez-Nous Vous souhaitez renforcer votre \u00e9quipe avec des Plans de Nano Apprentissage ? Commen\u00e7ons ! Remplissez le formulaire ci-dessous, et l&#8217;un de nos sp\u00e9cialistes vous contactera pour discuter de la mani\u00e8re dont nous pouvons aider \u00e0 stimuler la croissance de votre entreprise gr\u00e2ce \u00e0 des solutions de formation intelligentes.[\/vc_column_text][vc_empty_space height=&#8221;50px&#8221;][\/vc_column][\/vc_row]<\/p>\n","protected":false},"author":1,"featured_media":0,"parent":0,"menu_order":0,"comment_status":"closed","ping_status":"closed","template":"","meta":{"footnotes":""},"class_list":["post-45","page","type-page","status-publish","hentry"],"_links":{"self":[{"href":"https:\/\/www.nano2grow.com\/fr\/wp-json\/wp\/v2\/pages\/45","targetHints":{"allow":["GET"]}}],"collection":[{"href":"https:\/\/www.nano2grow.com\/fr\/wp-json\/wp\/v2\/pages"}],"about":[{"href":"https:\/\/www.nano2grow.com\/fr\/wp-json\/wp\/v2\/types\/page"}],"author":[{"embeddable":true,"href":"https:\/\/www.nano2grow.com\/fr\/wp-json\/wp\/v2\/users\/1"}],"replies":[{"embeddable":true,"href":"https:\/\/www.nano2grow.com\/fr\/wp-json\/wp\/v2\/comments?post=45"}],"version-history":[{"count":8,"href":"https:\/\/www.nano2grow.com\/fr\/wp-json\/wp\/v2\/pages\/45\/revisions"}],"predecessor-version":[{"id":141,"href":"https:\/\/www.nano2grow.com\/fr\/wp-json\/wp\/v2\/pages\/45\/revisions\/141"}],"wp:attachment":[{"href":"https:\/\/www.nano2grow.com\/fr\/wp-json\/wp\/v2\/media?parent=45"}],"curies":[{"name":"wp","href":"https:\/\/api.w.org\/{rel}","templated":true}]}}