{"id":47,"date":"2024-10-16T10:48:24","date_gmt":"2024-10-16T07:48:24","guid":{"rendered":"https:\/\/www.nano2grow.com\/fr\/?page_id=47"},"modified":"2024-10-18T13:58:00","modified_gmt":"2024-10-18T10:58:00","slug":"analyse-des-lacunes-en-competences","status":"publish","type":"page","link":"https:\/\/www.nano2grow.com\/fr\/analyse-des-lacunes-en-competences\/","title":{"rendered":"Analyse des Lacunes en Comp\u00e9tences"},"content":{"rendered":"<div class=\"wpb-content-wrapper\"><p>[vc_row][vc_column][vc_single_image image=&#8221;52&#8243; img_size=&#8221;full&#8221; alignment=&#8221;center&#8221; css=&#8221;&#8221;][vc_empty_space][\/vc_column][\/vc_row][vc_row][vc_column][vc_column_text css=&#8221;&#8221;]Comblez les Lacunes de Comp\u00e9tences avec Notre Analyse Compl\u00e8te des Lacunes pour l\u2019Apprentissage en Entreprise<\/p>\n<p>Dans le paysage commercial en \u00e9volution rapide d&#8217;aujourd&#8217;hui, rester en t\u00eate de la concurrence demande plus que de simplement suivre le rythme ; cela n\u00e9cessite d&#8217;investir dans votre atout le plus pr\u00e9cieux : vos collaborateurs. Notre service d&#8217;Analyse des Lacunes de Comp\u00e9tences est con\u00e7u pour aider les organisations \u00e0 identifier les comp\u00e9tences essentielles dont votre personnel a besoin pour exceller, \u00e0 rep\u00e9rer les lacunes existantes et \u00e0 \u00e9laborer des strat\u00e9gies d&#8217;apprentissage cibl\u00e9es pour combler ces lacunes de mani\u00e8re efficace. En alignant le d\u00e9veloppement des employ\u00e9s avec les objectifs de votre entreprise, nous vous permettons de construire une \u00e9quipe plus forte et plus comp\u00e9tente, pr\u00eate \u00e0 relever les d\u00e9fis de demain.<\/p>\n<h2>Qu&#8217;est-ce qu&#8217;une Analyse des Lacunes<br \/>\nde Comp\u00e9tences ?<\/h2>\n<p>Une Analyse des Lacunes de Comp\u00e9tences est une \u00e9valuation strat\u00e9gique qui identifie la diff\u00e9rence entre les comp\u00e9tences que votre \u00e9quipe poss\u00e8de actuellement et celles dont elle a besoin pour atteindre vos objectifs commerciaux. Elle permet de d\u00e9couvrir les domaines o\u00f9 vos employ\u00e9s ont besoin de se d\u00e9velopper davantage, vous guidant ainsi dans la cr\u00e9ation de plans de formation cibl\u00e9s qui maximisent le potentiel de votre \u00e9quipe. Cette approche cibl\u00e9e am\u00e9liore non seulement les performances individuelles, mais stimule \u00e9galement la croissance, l&#8217;innovation et la comp\u00e9titivit\u00e9 globales de l&#8217;entreprise.<\/p>\n<h2>Pourquoi votre entreprise a besoin d&#8217;une Analyse des Lacunes de Comp\u00e9tences<\/h2>\n<p>\u00c0 une \u00e9poque o\u00f9 la technologie et les exigences du march\u00e9 \u00e9voluent constamment, les comp\u00e9tences d&#8217;hier peuvent ne plus suffire pour relever les d\u00e9fis d&#8217;aujourd&#8217;hui. Voici pourquoi une Analyse des Lacunes de Comp\u00e9tences est essentielle pour votre organisation :<\/p>\n<p>&#8211; Am\u00e9lioration de la Comp\u00e9tence de la Main-d&#8217;\u0153uvre : Comprendre o\u00f9 se situent les lacunes en comp\u00e9tences vous permet de requalifier ou de perfectionner vos employ\u00e9s, garantissant qu&#8217;ils poss\u00e8dent les comp\u00e9tences n\u00e9cessaires pour \u00eatre efficaces dans leurs r\u00f4les.<\/p>\n<p>&#8211; Optimisation des Investissements en Formation: Plut\u00f4t que d&#8217;adopter une approche universelle, une Analyse des Lacunes de Comp\u00e9tences vous permet de concentrer votre budget de formation sur les domaines offrant le meilleur retour sur investissement.<\/p>\n<p>&#8211; Augmentation de l&#8217;Engagement des Employ\u00e9s: Lorsque les employ\u00e9s re\u00e7oivent une formation qui correspond \u00e0 leurs objectifs de carri\u00e8re et les aide \u00e0 progresser, leur motivation et leur satisfaction au travail augmentent, conduisant \u00e0 de meilleurs taux de r\u00e9tention.<\/p>\n<p>&#8211; D\u00e9veloppement Strat\u00e9gique des Talents: Une compr\u00e9hension claire des lacunes en comp\u00e9tences guide votre strat\u00e9gie de d\u00e9veloppement des talents, vous permettant de cultiver de futurs leaders et innovateurs au sein de votre organisation.<\/p>\n<h2>Notre Processus d&#8217;Analyse des Lacunes de Comp\u00e9tences<\/h2>\n<p>Notre service d&#8217;Analyse des Lacunes de Comp\u00e9tences repose sur une m\u00e9thodologie ax\u00e9e sur les donn\u00e9es pour garantir des insights pr\u00e9cis et exploitables. Voici comment nous proc\u00e9dons :<\/p>\n<p><strong>1. D\u00e9finir les Objectifs de l&#8217;Entreprise:<\/strong> Nous commen\u00e7ons par aligner l&#8217;analyse sur les objectifs strat\u00e9giques de votre entreprise. Comprendre o\u00f9 vous souhaitez aller en tant qu&#8217;organisation nous aide \u00e0 identifier les comp\u00e9tences n\u00e9cessaires pour y parvenir.<\/p>\n<p><strong>2. Identifier les R\u00f4les et Comp\u00e9tences Cl\u00e9s:<\/strong> Nous travaillons avec vous pour d\u00e9finir les r\u00f4les critiques au sein de votre organisation et les comp\u00e9tences sp\u00e9cifiques requises pour chaque poste. Cela nous permet de fixer des rep\u00e8res clairs contre lesquels les niveaux de comp\u00e9tences actuels seront \u00e9valu\u00e9s.<\/p>\n<p><strong>3. \u00c9valuer les Niveaux de Comp\u00e9tences Actuels:<\/strong> Gr\u00e2ce \u00e0 une combinaison d&#8217;enqu\u00eates, d&#8217;entretiens et de donn\u00e9es de performance, nous \u00e9valuons les comp\u00e9tences existantes de votre personnel. Cette \u00e9valuation d\u00e9taill\u00e9e aide \u00e0 identifier les lacunes et les domaines n\u00e9cessitant le plus de formation.<\/p>\n<p><strong>4. Analyser les Lacunes:<\/strong> Nous comparons les comp\u00e9tences actuelles aux comp\u00e9tences souhait\u00e9es pour mettre en \u00e9vidence les \u00e9carts. Notre analyse cat\u00e9gorise ces lacunes par ordre d&#8217;importance, en se concentrant sur celles qui sont cruciales pour vos objectifs commerciaux.<\/p>\n<p><strong>5. D\u00e9velopper un Plan de Formation Cibl\u00e9:<\/strong> \u00c0 partir des insights obtenus, nous cr\u00e9ons un plan de d\u00e9veloppement personnalis\u00e9 qui priorise la fermeture des lacunes les plus importantes. Ce plan peut inclure des programmes de formation sp\u00e9cifiques, du mentorat, des modules de nano-apprentissage ou d&#8217;autres initiatives de d\u00e9veloppement.<\/p>\n<p><strong>6. Suivre les Progr\u00e8s et Mesurer les R\u00e9sultats:<\/strong> Enfin, nous mettons en place des indicateurs de performance (KPI) et des m\u00e9triques pour suivre les progr\u00e8s de vos efforts de formation. Des \u00e9valuations r\u00e9guli\u00e8res garantissent que les strat\u00e9gies d&#8217;apprentissage produisent les r\u00e9sultats escompt\u00e9s, permettant ainsi une am\u00e9lioration et un ajustement continus.<\/p>\n<h2>Avantages de Notre Service d&#8217;Analyse des Lacunes de Comp\u00e9tences<\/h2>\n<p>&#8211; Insights Bas\u00e9s sur les Donn\u00e9es: Nous fournissons des insights clairs et exploitables qui orientent la prise de d\u00e9cision et vous aident \u00e0 concentrer vos ressources de formation l\u00e0 o\u00f9 elles sont le plus n\u00e9cessaires.<\/p>\n<p>&#8211; Parcours d&#8217;Apprentissage Personnalis\u00e9s: Adaptez les initiatives de formation aux besoins sp\u00e9cifiques de vos employ\u00e9s, garantissant que chaque individu obtienne le d\u00e9veloppement n\u00e9cessaire pour exceller dans son r\u00f4le.<\/p>\n<p>&#8211; Temps R\u00e9duit pour Atteindre la Comp\u00e9tence: En ciblant les lacunes de comp\u00e9tences les plus critiques, notre approche acc\u00e9l\u00e8re le temps n\u00e9cessaire \u00e0 votre \u00e9quipe pour atteindre une productivit\u00e9 maximale.<\/p>\n<p>&#8211; Am\u00e9lioration de la Performance de l&#8217;Entreprise: R\u00e9duisez l&#8217;\u00e9cart entre les comp\u00e9tences actuelles de votre \u00e9quipe et celles requises pour atteindre vos objectifs commerciaux, ce qui conduit \u00e0 une am\u00e9lioration de l&#8217;efficacit\u00e9, de l&#8217;innovation et de la rentabilit\u00e9.<\/p>\n<h2>Pr\u00eat \u00e0 Combler les Lacunes de Comp\u00e9tences ?<\/h2>\n<p>Lib\u00e9rez le plein potentiel de votre personnel avec notre service d&#8217;Analyse des Lacunes de Comp\u00e9tences. Laissez-nous vous aider \u00e0 transformer votre \u00e9quipe en un v\u00e9ritable vivier de talents qui propulse votre entreprise vers l&#8217;avant. Notre analyse experte, combin\u00e9e \u00e0 des plans d&#8217;apprentissage cibl\u00e9s, garantit que vos employ\u00e9s d\u00e9veloppent les comp\u00e9tences n\u00e9cessaires pour prosp\u00e9rer dans un environnement comp\u00e9titif.<\/p>\n<p>Contactez-nous d\u00e8s aujourd&#8217;hui pour entamer la voie vers une \u00e9quipe plus qualifi\u00e9e, engag\u00e9e et productive. Avec notre Analyse des Lacunes de Comp\u00e9tences, vous obtiendrez la clart\u00e9 et la concentration n\u00e9cessaires pour faire passer votre organisation au niveau sup\u00e9rieur.[\/vc_column_text][\/vc_column][\/vc_row][vc_row][vc_column][vc_empty_space height=&#8221;50px&#8221;][vc_btn title=&#8221;Envie de Voir des R\u00e9sultats ? D\u00e9marrez maintenant !&#8221; style=&#8221;flat&#8221; color=&#8221;orange&#8221; size=&#8221;lg&#8221; css_animation=&#8221;bounceIn&#8221; css=&#8221;&#8221; link=&#8221;url:https%3A%2F%2Fwww.nano2grow.com\/fr%2Fcontact%2F&#8221;][\/vc_column][\/vc_row]<\/p>\n<\/div>","protected":false},"excerpt":{"rendered":"<p>[vc_row][vc_column][vc_single_image image=&#8221;52&#8243; img_size=&#8221;full&#8221; alignment=&#8221;center&#8221; css=&#8221;&#8221;][vc_empty_space][\/vc_column][\/vc_row][vc_row][vc_column][vc_column_text css=&#8221;&#8221;]Comblez les Lacunes de Comp\u00e9tences avec Notre Analyse Compl\u00e8te des Lacunes pour l\u2019Apprentissage en Entreprise Dans le paysage commercial en \u00e9volution rapide d&#8217;aujourd&#8217;hui, rester en t\u00eate de la concurrence demande plus que de simplement suivre le rythme ; cela n\u00e9cessite d&#8217;investir dans votre atout le plus pr\u00e9cieux : vos collaborateurs. [&hellip;]<\/p>\n","protected":false},"author":1,"featured_media":0,"parent":0,"menu_order":0,"comment_status":"closed","ping_status":"closed","template":"","meta":{"footnotes":""},"class_list":["post-47","page","type-page","status-publish","hentry"],"_links":{"self":[{"href":"https:\/\/www.nano2grow.com\/fr\/wp-json\/wp\/v2\/pages\/47","targetHints":{"allow":["GET"]}}],"collection":[{"href":"https:\/\/www.nano2grow.com\/fr\/wp-json\/wp\/v2\/pages"}],"about":[{"href":"https:\/\/www.nano2grow.com\/fr\/wp-json\/wp\/v2\/types\/page"}],"author":[{"embeddable":true,"href":"https:\/\/www.nano2grow.com\/fr\/wp-json\/wp\/v2\/users\/1"}],"replies":[{"embeddable":true,"href":"https:\/\/www.nano2grow.com\/fr\/wp-json\/wp\/v2\/comments?post=47"}],"version-history":[{"count":8,"href":"https:\/\/www.nano2grow.com\/fr\/wp-json\/wp\/v2\/pages\/47\/revisions"}],"predecessor-version":[{"id":140,"href":"https:\/\/www.nano2grow.com\/fr\/wp-json\/wp\/v2\/pages\/47\/revisions\/140"}],"wp:attachment":[{"href":"https:\/\/www.nano2grow.com\/fr\/wp-json\/wp\/v2\/media?parent=47"}],"curies":[{"name":"wp","href":"https:\/\/api.w.org\/{rel}","templated":true}]}}