{"id":56,"date":"2024-10-16T11:30:00","date_gmt":"2024-10-16T08:30:00","guid":{"rendered":"https:\/\/www.nano2grow.com\/fr\/?page_id=56"},"modified":"2024-10-18T13:15:53","modified_gmt":"2024-10-18T10:15:53","slug":"bibliotheque-de-nano-cours","status":"publish","type":"page","link":"https:\/\/www.nano2grow.com\/fr\/bibliotheque-de-nano-cours\/","title":{"rendered":"Biblioth\u00e8que de Nano Cours"},"content":{"rendered":"<div class=\"wpb-content-wrapper\"><p>[vc_row][vc_column][vc_single_image image=&#8221;57&#8243; img_size=&#8221;full&#8221; alignment=&#8221;center&#8221; css=&#8221;&#8221;][vc_empty_space][\/vc_column][\/vc_row][vc_row][vc_column][vc_column_text css=&#8221;&#8221;]<\/p>\n<h2>Lib\u00e9rez le Potentiel de Votre \u00c9quipe avec Notre Biblioth\u00e8que de Nano Cours<\/h2>\n<p>Dans le monde rapide d\u2019aujourd\u2019hui, il est plus important que jamais de se tenir au courant des derni\u00e8res comp\u00e9tences et connaissances. Notre Biblioth\u00e8que de Nano Cours propose une gamme compl\u00e8te de cours courts con\u00e7us pour am\u00e9liorer les capacit\u00e9s de votre \u00e9quipe et stimuler la croissance au sein de votre organisation. Ax\u00e9s sur un apprentissage pratique et applicable, ces cours sont sp\u00e9cifiquement \u00e9labor\u00e9s pour s\u2019int\u00e9grer dans des emplois du temps charg\u00e9s tout en offrant un impact maximal. Que vous souhaitiez perfectionner des comp\u00e9tences en leadership, am\u00e9liorer la communication ou renforcer la performance commerciale, nos cours r\u00e9pondent \u00e0 vos besoins.<\/p>\n<h2>Pourquoi le Nano Apprentissage ?<\/h2>\n<p>Le nano apprentissage est l\u2019avenir du d\u00e9veloppement professionnel. Il s\u2019agit de fournir un contenu cibl\u00e9 et concis qui peut \u00eatre facilement assimil\u00e9 et appliqu\u00e9. Contrairement aux programmes de formation traditionnels qui n\u00e9cessitent des heures d\u2019engagement, les nano cours sont con\u00e7us pour \u00eatre compl\u00e9t\u00e9s en quelques minutes, et non en jours. Cette approche permet \u00e0 vos employ\u00e9s d&#8217;apprendre \u00e0 leur propre rythme et d&#8217;appliquer imm\u00e9diatement leurs nouvelles comp\u00e9tences, maximisant ainsi le temps et l\u2019efficacit\u00e9. Parfait pour les \u00e9quipes agiles d\u2019aujourd\u2019hui, le nano apprentissage offre la flexibilit\u00e9 d\u2019apprendre \u00e0 la demande, quand et o\u00f9 cela est n\u00e9cessaire.<\/p>\n<h2>Explorez Notre Biblioth\u00e8que de Nano Cours<\/h2>\n<p>Notre biblioth\u00e8que comprend une s\u00e9lection vari\u00e9e de cours, chacun visant \u00e0 d\u00e9velopper des comp\u00e9tences essentielles pour la croissance personnelle et professionnelle. Voici quelques-uns de nos meilleurs cours :<\/p>\n<h3>1. \u00c9valuation Annuelle de la Performance<\/h3>\n<p>Aidez votre \u00e9quipe \u00e0 transformer les retours en croissance gr\u00e2ce \u00e0 notre cours sur la r\u00e9alisation et la r\u00e9ception d\u2019\u00e9valuations de performance annuelles efficaces. Apprenez \u00e0 fixer des objectifs clairs, \u00e0 mesurer les progr\u00e8s et \u00e0 transformer les \u00e9valuations en plans de d\u00e9veloppement actionnables qui entra\u00eenent des r\u00e9sultats.<\/p>\n<h3>2. Leadership<\/h3>\n<p>Donnez \u00e0 vos leaders les comp\u00e9tences n\u00e9cessaires pour inspirer et guider leurs \u00e9quipes vers le succ\u00e8s. Ce cours se concentre sur les principes cl\u00e9s du leadership, la prise de d\u00e9cision strat\u00e9gique et l&#8217;intelligence \u00e9motionnelle requise pour diriger avec empathie et confiance.<\/p>\n<h3>3. R\u00e9solution de Probl\u00e8mes<\/h3>\n<p>\u00c9quipez votre \u00e9quipe des outils n\u00e9cessaires pour relever les d\u00e9fis de front. Notre cours sur la r\u00e9solution de probl\u00e8mes propose des techniques pratiques pour analyser les situations, identifier des solutions et prendre des d\u00e9cisions confiantes qui b\u00e9n\u00e9ficient \u00e0 l&#8217;ensemble de l&#8217;organisation.<\/p>\n<h3>4. Comp\u00e9tences Interpersonnelles<\/h3>\n<p>Les comp\u00e9tences interpersonnelles sont la base d\u2019un travail d\u2019\u00e9quipe efficace et d\u2019interactions avec les clients. Ce cours aborde des comp\u00e9tences essentielles telles que l\u2019adaptabilit\u00e9, la pens\u00e9e critique, la cr\u00e9ativit\u00e9 et la r\u00e9solution de conflits pour aider votre \u00e9quipe \u00e0 exceller dans n\u2019importe quelle situation.<\/p>\n<h3>5. Intelligence \u00c9motionnelle<\/h3>\n<p>Am\u00e9liorez la capacit\u00e9 de votre \u00e9quipe \u00e0 comprendre et \u00e0 g\u00e9rer les \u00e9motions\u2014les leurs et celles des autres. Ce cours explore les composants fondamentaux de l&#8217;intelligence \u00e9motionnelle, enseignant des strat\u00e9gies pour am\u00e9liorer la communication, l&#8217;empathie et les relations interpersonnelles.<\/p>\n<h3>6. Feedback<\/h3>\n<p>Ma\u00eetrisez l&#8217;art de donner et de recevoir des retours avec ce cours cibl\u00e9. Apprenez \u00e0 d\u00e9livrer des critiques constructives de mani\u00e8re \u00e0 motiver et \u00e0 inspirer la croissance tout en prenant \u00e9galement en compte les retours pour une am\u00e9lioration continue.<\/p>\n<h3>7. Communication<\/h3>\n<p>Une communication efficace est essentielle pour toute \u00e9quipe r\u00e9ussie. Ce cours aide votre \u00e9quipe \u00e0 d\u00e9velopper de solides comp\u00e9tences en communication, garantissant que les messages soient clairs, concis et percutants, tant \u00e0 l&#8217;\u00e9crit qu&#8217;\u00e0 l&#8217;oral.<\/p>\n<h3>8. Collaboration<\/h3>\n<p>Brisez les silos et encouragez une culture de travail d\u2019\u00e9quipe avec notre cours sur la collaboration. D\u00e9couvrez des strat\u00e9gies pour travailler efficacement avec des coll\u00e8gues de diff\u00e9rents d\u00e9partements, favorisant l&#8217;innovation et le succ\u00e8s collectif.<\/p>\n<h3>9. Bien-\u00eatre<\/h3>\n<p>Investissez dans la sant\u00e9 et le bonheur de votre \u00e9quipe avec notre cours sur le bien-\u00eatre. Concentrez-vous sur des strat\u00e9gies pour g\u00e9rer le stress, maintenir un \u00e9quilibre travail-vie personnelle et cr\u00e9er un environnement de travail positif qui soutient la sant\u00e9 mentale et physique.<\/p>\n<h3>10. Travail d&#8217;\u00c9quipe<\/h3>\n<p>Notre cours sur le travail d&#8217;\u00e9quipe souligne l&#8217;importance de l&#8217;unit\u00e9 dans l&#8217;atteinte d&#8217;objectifs communs. Apprenez \u00e0 instaurer la confiance, \u00e0 r\u00e9soudre des conflits et \u00e0 encourager un \u00e9tat d&#8217;esprit centr\u00e9 sur l&#8217;\u00e9quipe qui conduit \u00e0 de meilleures performances.<\/p>\n<h3>11. Ventes B2B<\/h3>\n<p>Renforcez l\u2019efficacit\u00e9 de votre \u00e9quipe de vente avec des strat\u00e9gies \u00e9prouv\u00e9es adapt\u00e9es aux ventes B2B. Ce cours couvre tout, de la g\u00e9n\u00e9ration de prospects \u00e0 la cr\u00e9ation de relations, en passant par la conclusion d&#8217;accords et la cr\u00e9ation de partenariats \u00e0 long terme.<\/p>\n<h3>12. Ventes B2C<\/h3>\n<p>Maximisez votre impact sur les ventes aux consommateurs gr\u00e2ce \u00e0 des techniques ax\u00e9es sur la compr\u00e9hension du comportement des clients, l\u2019adaptation de l\u2019argumentaire de vente et la cr\u00e9ation d\u2019une exp\u00e9rience d\u2019achat exceptionnelle qui stimule les conversions.<\/p>\n<h2>Pourquoi Choisir Notre Biblioth\u00e8que de Nano Cours ?<\/h2>\n<p>&#8211; Apprentissage en Petites Portions: Les cours sont con\u00e7us pour \u00eatre compl\u00e9t\u00e9s en moins de 10 minutes, facilitant leur int\u00e9gration dans les emplois du temps les plus charg\u00e9s.<\/p>\n<p>&#8211; Flexible et Accessible: Apprenez en d\u00e9placement, depuis n&#8217;importe quel appareil, \u00e0 tout moment, garantissant que votre \u00e9quipe puisse d\u00e9velopper ses comp\u00e9tences quand cela est le plus pratique.<\/p>\n<p>&#8211; Pratique et Pertinent: Chaque cours est \u00e9labor\u00e9 avec des applications concr\u00e8tes \u00e0 l&#8217;esprit, garantissant que les comp\u00e9tences acquises peuvent \u00eatre imm\u00e9diatement mises en pratique.<\/p>\n<p>&#8211; Parcours d&#8217;Apprentissage Personnalisables: Personnalisez l\u2019exp\u00e9rience d\u2019apprentissage pour r\u00e9pondre aux besoins et aux objectifs uniques de votre entreprise, cr\u00e9ant ainsi un parcours de formation v\u00e9ritablement personnalis\u00e9.<\/p>\n<h2>Donnez du Pouvoir \u00e0 Votre \u00c9quipe Aujourd&#8217;hui<\/h2>\n<p>Pr\u00eat \u00e0 \u00e9lever les comp\u00e9tences de votre \u00e9quipe gr\u00e2ce \u00e0 un apprentissage pratique et impactant ? Plongez dans notre Biblioth\u00e8que de Nano Cours et transformez la performance de votre organisation, cours apr\u00e8s cours. Avec des sujets couvrant tout, du leadership \u00e0 l\u2019excellence commerciale, votre \u00e9quipe acqu\u00e9rera les outils n\u00e9cessaires pour prosp\u00e9rer dans le paysage commercial comp\u00e9titif d&#8217;aujourd&#8217;hui. Construisons ensemble une main-d&#8217;\u0153uvre plus intelligente et plus forte.[\/vc_column_text][\/vc_column][\/vc_row][vc_row][vc_column][vc_empty_space height=&#8221;50px&#8221;][vc_btn title=&#8221;Envie de Voir des R\u00e9sultats ? D\u00e9marrez maintenant !&#8221; style=&#8221;flat&#8221; color=&#8221;orange&#8221; size=&#8221;lg&#8221; css_animation=&#8221;bounceIn&#8221; css=&#8221;&#8221; link=&#8221;url:https%3A%2F%2Fwww.nano2grow.com\/fr%2Fcontact%2F&#8221;][\/vc_column][\/vc_row]<\/p>\n<\/div>","protected":false},"excerpt":{"rendered":"<p>[vc_row][vc_column][vc_single_image image=&#8221;57&#8243; img_size=&#8221;full&#8221; alignment=&#8221;center&#8221; css=&#8221;&#8221;][vc_empty_space][\/vc_column][\/vc_row][vc_row][vc_column][vc_column_text css=&#8221;&#8221;] Lib\u00e9rez le Potentiel de Votre \u00c9quipe avec Notre Biblioth\u00e8que de Nano Cours Dans le monde rapide d\u2019aujourd\u2019hui, il est plus important que jamais de se tenir au courant des derni\u00e8res comp\u00e9tences et connaissances. Notre Biblioth\u00e8que de Nano Cours propose une gamme compl\u00e8te de cours courts con\u00e7us pour am\u00e9liorer les [&hellip;]<\/p>\n","protected":false},"author":1,"featured_media":0,"parent":0,"menu_order":0,"comment_status":"closed","ping_status":"closed","template":"","meta":{"footnotes":""},"class_list":["post-56","page","type-page","status-publish","hentry"],"_links":{"self":[{"href":"https:\/\/www.nano2grow.com\/fr\/wp-json\/wp\/v2\/pages\/56","targetHints":{"allow":["GET"]}}],"collection":[{"href":"https:\/\/www.nano2grow.com\/fr\/wp-json\/wp\/v2\/pages"}],"about":[{"href":"https:\/\/www.nano2grow.com\/fr\/wp-json\/wp\/v2\/types\/page"}],"author":[{"embeddable":true,"href":"https:\/\/www.nano2grow.com\/fr\/wp-json\/wp\/v2\/users\/1"}],"replies":[{"embeddable":true,"href":"https:\/\/www.nano2grow.com\/fr\/wp-json\/wp\/v2\/comments?post=56"}],"version-history":[{"count":5,"href":"https:\/\/www.nano2grow.com\/fr\/wp-json\/wp\/v2\/pages\/56\/revisions"}],"predecessor-version":[{"id":138,"href":"https:\/\/www.nano2grow.com\/fr\/wp-json\/wp\/v2\/pages\/56\/revisions\/138"}],"wp:attachment":[{"href":"https:\/\/www.nano2grow.com\/fr\/wp-json\/wp\/v2\/media?parent=56"}],"curies":[{"name":"wp","href":"https:\/\/api.w.org\/{rel}","templated":true}]}}