{"id":85,"date":"2024-10-16T14:47:28","date_gmt":"2024-10-16T11:47:28","guid":{"rendered":"https:\/\/www.nano2grow.com\/fr\/?page_id=85"},"modified":"2024-10-23T11:42:46","modified_gmt":"2024-10-23T08:42:46","slug":"cookies-policy","status":"publish","type":"page","link":"https:\/\/www.nano2grow.com\/fr\/cookies-policy\/","title":{"rendered":"Cookies Policy"},"content":{"rendered":"<div class=\"wpb-content-wrapper\"><p>[vc_row ct_row_stretch=&#8221;&#8221;][vc_column][vc_column_text css=&#8221;&#8221;]<strong>Derni\u00e8re modification :<\/strong> 11 f\u00e9vrier 2022<\/p>\n<p>Cette politique en mati\u00e8re de cookies explique comment Solutions 2grow SA utilise des cookies et des technologies similaires pour vous reconna\u00eetre lorsque vous visitez nos sites web et lorsque vous utilisez notre service d&#8217;abonnement, y compris les applications mobiles connect\u00e9es de Solutions 2grow SA. Elle explique ce que sont ces technologies et pourquoi nous les utilisons, ainsi que vos droits de contr\u00f4ler l&#8217;utilisation que nous en faisons.<\/p>\n<p><strong>Qu&#8217;est-ce qu&#8217;un cookie ?<\/strong><\/p>\n<p>Un cookie est un petit fichier contenant une cha\u00eene de caract\u00e8res envoy\u00e9 \u00e0 votre ordinateur lorsque vous visitez un site web. Lorsque vous visitez \u00e0 nouveau le site web, le cookie permet au site web de reconna\u00eetre votre navigateur. Les cookies peuvent stocker les pr\u00e9f\u00e9rences de l&#8217;utilisateur et d&#8217;autres informations.<\/p>\n<p>Les cookies constituent une fonction pratique qui vous permet de gagner du temps ou d&#8217;indiquer au serveur Web que vous \u00eates revenu sur une page particuli\u00e8re. Par exemple, si vous personnalisez des pages de nos sites web ou si vous vous abonnez \u00e0 notre service d&#8217;abonnement, un cookie nous aide \u00e0 nous souvenir de vos informations sp\u00e9cifiques lors de visites ult\u00e9rieures. Lorsque vous retournez sur le m\u00eame site, les informations que vous avez fournies pr\u00e9c\u00e9demment peuvent \u00eatre r\u00e9cup\u00e9r\u00e9es afin que vous puissiez facilement utiliser les fonctionnalit\u00e9s personnalis\u00e9es.<\/p>\n<p>Les cookies mis en place par le propri\u00e9taire du site web (dans ce cas Solutions 2grow S.A.) sont appel\u00e9s \u00ab cookies de premi\u00e8re partie \u00bb. Les cookies mis en place par des parties autres que le propri\u00e9taire du site web sont appel\u00e9s \u00ab cookies de tiers \u00bb. Les cookies de tiers fournissent des caract\u00e9ristiques ou des fonctionnalit\u00e9s de tiers par l&#8217;interm\u00e9diaire du site web (par exemple, des publicit\u00e9s, du contenu interactif et des analyses). Les parties qui d\u00e9finissent ces cookies tiers peuvent reconna\u00eetre votre ordinateur lorsque vous visitez ce site web et lorsque vous visitez d&#8217;autres sites web.<\/p>\n<p><strong>Pourquoi utilisons-nous des cookies ?<\/strong><\/p>\n<p>Nous utilisons des cookies de premi\u00e8re et de tierce partie pour diverses raisons. Certains cookies sont n\u00e9cessaires pour des raisons techniques au fonctionnement de nos sites web et nous les appelons cookies \u00ab essentiels \u00bb ou \u00ab strictement n\u00e9cessaires \u00bb. D&#8217;autres cookies nous permettent \u00e9galement de suivre et de cibler les int\u00e9r\u00eats de nos utilisateurs afin d&#8217;am\u00e9liorer l&#8217;exp\u00e9rience sur nos sites web et notre service d&#8217;abonnement.<\/p>\n<p>Par exemple, Solutions 2grow SA garde une trace des sites Web et des pages que vous visitez au sein de Solutions 2grow SA, afin de d\u00e9terminer quelle partie du site Web de Solutions 2grow SA est la plus populaire ou la plus utilis\u00e9e. Ces donn\u00e9es sont utilis\u00e9es pour fournir un contenu personnalis\u00e9 et des offres sur le site web de Solutions 2grow S.A. aux clients dont le comportement indique qu&#8217;ils sont int\u00e9ress\u00e9s par un domaine particulier. Des tiers utilisent des cookies sur nos sites web \u00e0 des fins de publicit\u00e9, d&#8217;analyse et autres. Ceci est d\u00e9crit plus en d\u00e9tail ci-dessous.<\/p>\n<p><strong>Quels types de cookies utilisons-nous et comment les utilisons-nous ?<\/strong><\/p>\n<p>Les types sp\u00e9cifiques de cookies de premi\u00e8re et de tierce parties utilis\u00e9s sur nos sites web et leurs objectifs. Pour une liste des cookies utilis\u00e9s par Solutions 2grow SA, <a href=\"https:\/\/www.solutions2grow.gr\/cookies\">voir cette page<\/a>. Ces cookies sont les suivants :<\/p>\n<ol>\n<li>Cookies de site web de base : Ces cookies sont strictement n\u00e9cessaires pour vous fournir les services disponibles sur nos sites web et nos applis mobiles et pour utiliser certaines de ses fonctionnalit\u00e9s, telles que l&#8217;acc\u00e8s \u00e0 des zones s\u00e9curis\u00e9es.<\/li>\n<li>Cookies de performance et de fonctionnalit\u00e9 : Ces cookies sont utilis\u00e9s pour am\u00e9liorer la performance et la fonctionnalit\u00e9 de nos sites web, de notre service d&#8217;abonnement et de nos applis mobiles, mais ne sont pas n\u00e9cessaires \u00e0 leur utilisation. Cependant, sans ces cookies, certaines fonctionnalit\u00e9s peuvent ne pas \u00eatre disponibles.<\/li>\n<li>D\u00e9tails des cookies et des cookies de personnalisation : Ces cookies collectent des informations qui sont utilis\u00e9es soit sous forme agr\u00e9g\u00e9e pour nous aider \u00e0 comprendre comment nos sites Web, notre service d&#8217;abonnement et nos applications mobiles sont utilis\u00e9s ou quelle est l&#8217;efficacit\u00e9 de nos campagnes de marketing, soit pour nous aider \u00e0 personnaliser nos sites Web pour vous.<\/li>\n<li>Cookies publicitaires. Ils remplissent des fonctions telles que la pr\u00e9vention de l&#8217;affichage r\u00e9p\u00e9t\u00e9 de la m\u00eame publicit\u00e9, l&#8217;affichage correct des publicit\u00e9s pour les annonceurs et, dans certains cas, la s\u00e9lection des publicit\u00e9s en fonction de vos centres d&#8217;int\u00e9r\u00eat.<\/li>\n<li>Cookies de r\u00e9seaux sociaux : Ces cookies sont utilis\u00e9s pour vous permettre de partager des pages et des contenus qui vous int\u00e9ressent sur nos sites web, notre service d&#8217;abonnement ou nos applications mobiles par le biais de r\u00e9seaux sociaux tiers et d&#8217;autres sites web. Ces cookies peuvent \u00e9galement \u00eatre utilis\u00e9s \u00e0 des fins publicitaires.<\/li>\n<\/ol>\n<p>&nbsp;<\/p>\n<p><strong>Comment puis-je contr\u00f4ler les cookies ?<\/strong><\/p>\n<p>Vous avez le droit d&#8217;accepter ou de refuser les cookies. Vous pouvez exercer vos pr\u00e9f\u00e9rences en mati\u00e8re de cookies en cliquant sur les liens d&#8217;exclusion appropri\u00e9s fournis ci-dessous.<\/p>\n<p>Si vous choisissez de refuser les cookies, vous pouvez continuer \u00e0 utiliser notre site web, mais votre acc\u00e8s \u00e0 certaines fonctions et zones de notre site web peut \u00eatre limit\u00e9. Comme les moyens de rejeter les cookies par le biais des contr\u00f4les du navigateur varient d&#8217;un navigateur \u00e0 l&#8217;autre, nous vous conseillons de consulter le menu d&#8217;aide du navigateur que vous utilisez pour plus d&#8217;informations.<\/p>\n<p>En outre, la plupart des r\u00e9seaux publicitaires vous offrent la possibilit\u00e9 de refuser la publicit\u00e9 cibl\u00e9e. Pour plus d&#8217;informations, consultez les sites <a href=\"http:\/\/www.aboutads.info\/choices\/\">http:\/\/www.aboutads.info\/choices\/<\/a> ou <a href=\"http:\/\/www.youronlinechoices.com\/\">http:\/\/www.youronlinechoices.com<\/a>. Vous pouvez vous d\u00e9sinscrire en cliquant ici <a href=\"http:\/\/preferences.truste.com\/\">:<\/a> http:\/\/preferences.truste.com\/ (ou si vous \u00eates dans l&#8217;Union europ\u00e9enne en cliquant ici <a href=\"http:\/\/www.youronlinechoices.eu\/\">: http:\/\/www.youronlinechoices.eu\/<\/a>). Notez que cela ne vous exclut pas de votre publicit\u00e9. Vous continuerez \u00e0 recevoir de la publicit\u00e9 g\u00e9n\u00e9rale.<\/p>\n<p>Cookies de base du site web : Ces cookies \u00e9tant absolument essentiels pour vous fournir les sites web, vous ne pouvez pas les refuser. Vous pouvez les bloquer ou les supprimer en modifiant les param\u00e8tres de votre navigateur comme indiqu\u00e9 ci-dessus.<\/p>\n<p><strong>Qu&#8217;en est-il des autres technologies de suivi telles que les balises web ?<\/strong><\/p>\n<p>Les cookies ne sont pas le seul moyen d&#8217;identifier ou de suivre les visiteurs d&#8217;un site web. Nous utilisons une technologie logicielle appel\u00e9e \u00ab pixels invisibles \u00bb (\u00e9galement appel\u00e9s \u00ab balises web \u00bb), qui nous aide \u00e0 mieux g\u00e9rer le site et le service d&#8217;abonnement en nous permettant de savoir quel contenu est efficace. Les pixels invisibles sont de minuscules graphiques dot\u00e9s d&#8217;un identifiant unique, dont la fonction est similaire \u00e0 celle des cookies, et qui sont utilis\u00e9s pour suivre les mouvements en ligne des utilisateurs d&#8217;Internet. Contrairement aux cookies, qui sont stock\u00e9s sur le disque dur de l&#8217;ordinateur de l&#8217;utilisateur, les pixels invisibles sont int\u00e9gr\u00e9s de mani\u00e8re invisible dans les pages web ou les courriers \u00e9lectroniques et ont \u00e0 peu pr\u00e8s la taille du point \u00e0 la fin de cette phrase. Nous utilisons des pixels invisibles dans les courriels au format HTML pour savoir quels courriels ont \u00e9t\u00e9 ouverts par les destinataires. Cela nous permet de mesurer l&#8217;efficacit\u00e9 de certaines communications et l&#8217;efficacit\u00e9 des campagnes de marketing. Nous relions les informations recueillies par les pixels invisibles dans les courriels aux informations personnelles de nos clients.<\/p>\n<p><strong>Utilisez-vous des cookies Flash ou des objets locaux partag\u00e9s ?<\/strong><\/p>\n<p>Adobe Flash Player (et les applications similaires) utilise une technologie pour m\u00e9moriser les param\u00e8tres, les pr\u00e9f\u00e9rences et l&#8217;utilisation, similaire aux cookies du navigateur, mais g\u00e9r\u00e9e par une interface diff\u00e9rente de celle fournie par le navigateur web. Cette technologie cr\u00e9e des objets stock\u00e9s localement, souvent appel\u00e9s \u00ab cookies Flash \u00bb. E-Marketing Clusters n&#8217;utilise pas de cookies Flash.<\/p>\n<p><strong>La publicit\u00e9 cibl\u00e9e fonctionne-t-elle pour vous ?<\/strong><\/p>\n<p>Des tiers peuvent utiliser des cookies sur votre ordinateur ou votre appareil mobile pour diffuser des publicit\u00e9s sur nos sites web. Ces soci\u00e9t\u00e9s peuvent utiliser les informations relatives \u00e0 vos visites sur ce site et sur d&#8217;autres sites Web afin de vous proposer des publicit\u00e9s pertinentes sur des biens et des services susceptibles de vous int\u00e9resser. Elles peuvent \u00e9galement utiliser des technologies permettant de mesurer l&#8217;efficacit\u00e9 des publicit\u00e9s. Pour ce faire, ils peuvent utiliser des cookies ou des balises web pour collecter des informations sur vos visites sur ce site et d&#8217;autres sites web afin de vous fournir des publicit\u00e9s pertinentes sur les biens et services susceptibles de vous int\u00e9resser. Les informations collect\u00e9es par ce biais ne nous permettent pas d&#8217;identifier votre nom, vos coordonn\u00e9es ou d&#8217;autres informations personnelles, sauf si vous le souhaitez.<\/p>\n<p><strong>\u00c0 quelle fr\u00e9quence mettrons-nous \u00e0 jour la pr\u00e9sente politique en mati\u00e8re de cookies ?<\/strong><\/p>\n<p>Nous pouvons mettre \u00e0 jour la pr\u00e9sente politique en mati\u00e8re de cookies de temps \u00e0 autre pour refl\u00e9ter, par exemple, les changements apport\u00e9s aux cookies que nous utilisons ou pour d&#8217;autres raisons op\u00e9rationnelles, juridiques ou organisationnelles. Nous vous invitons donc \u00e0 consulter r\u00e9guli\u00e8rement la pr\u00e9sente politique en mati\u00e8re de cookies pour vous tenir au courant de l&#8217;utilisation que nous faisons des cookies et des technologies connexes.<\/p>\n<p>La date figurant en haut de la pr\u00e9sente politique en mati\u00e8re de cookies indique la date de sa derni\u00e8re mise \u00e0 jour.<\/p>\n<p><strong>O\u00f9 puis-je obtenir plus d&#8217;informations ?<\/strong><\/p>\n<p>Si vous avez des questions sur notre utilisation des cookies ou d&#8217;autres technologies, veuillez nous envoyer un courrier \u00e9lectronique \u00e0 l&#8217;adresse suivante<\/p>\n<p><a href=\"mailto:info@solutions2grow.gr\" target=\"_blank\" rel=\"noopener noreferrer\">info@solutions2grow.gr<\/a>.[\/vc_column_text][\/vc_column][\/vc_row][vc_row ct_row_stretch=&#8221;&#8221;][vc_column][vc_empty_space][\/vc_column][\/vc_row]<\/p>\n<\/div>","protected":false},"excerpt":{"rendered":"<p>[vc_row ct_row_stretch=&#8221;&#8221;][vc_column][vc_column_text css=&#8221;&#8221;]Derni\u00e8re modification : 11 f\u00e9vrier 2022 Cette politique en mati\u00e8re de cookies explique comment Solutions 2grow SA utilise des cookies et des technologies similaires pour vous reconna\u00eetre lorsque vous visitez nos sites web et lorsque vous utilisez notre service d&#8217;abonnement, y compris les applications mobiles connect\u00e9es de Solutions 2grow SA. Elle explique ce [&hellip;]<\/p>\n","protected":false},"author":1,"featured_media":0,"parent":0,"menu_order":0,"comment_status":"closed","ping_status":"closed","template":"","meta":{"footnotes":""},"class_list":["post-85","page","type-page","status-publish","hentry"],"_links":{"self":[{"href":"https:\/\/www.nano2grow.com\/fr\/wp-json\/wp\/v2\/pages\/85","targetHints":{"allow":["GET"]}}],"collection":[{"href":"https:\/\/www.nano2grow.com\/fr\/wp-json\/wp\/v2\/pages"}],"about":[{"href":"https:\/\/www.nano2grow.com\/fr\/wp-json\/wp\/v2\/types\/page"}],"author":[{"embeddable":true,"href":"https:\/\/www.nano2grow.com\/fr\/wp-json\/wp\/v2\/users\/1"}],"replies":[{"embeddable":true,"href":"https:\/\/www.nano2grow.com\/fr\/wp-json\/wp\/v2\/comments?post=85"}],"version-history":[{"count":3,"href":"https:\/\/www.nano2grow.com\/fr\/wp-json\/wp\/v2\/pages\/85\/revisions"}],"predecessor-version":[{"id":154,"href":"https:\/\/www.nano2grow.com\/fr\/wp-json\/wp\/v2\/pages\/85\/revisions\/154"}],"wp:attachment":[{"href":"https:\/\/www.nano2grow.com\/fr\/wp-json\/wp\/v2\/media?parent=85"}],"curies":[{"name":"wp","href":"https:\/\/api.w.org\/{rel}","templated":true}]}}