{"id":88,"date":"2024-10-16T14:48:15","date_gmt":"2024-10-16T11:48:15","guid":{"rendered":"https:\/\/www.nano2grow.com\/fr\/?page_id=88"},"modified":"2024-10-23T11:45:23","modified_gmt":"2024-10-23T08:45:23","slug":"copyright-terms-and-conditions","status":"publish","type":"page","link":"https:\/\/www.nano2grow.com\/fr\/copyright-terms-and-conditions\/","title":{"rendered":"Copyright \/ Terms and Conditions"},"content":{"rendered":"<div class=\"wpb-content-wrapper\"><p>[vc_row ct_row_stretch=&#8221;&#8221;][vc_column][vc_column_text css=&#8221;&#8221;]<b>Droits d&#8217;auteur \/ Conditions d&#8217;utilisation<\/b><\/p>\n<p><b>Informations sur la soci\u00e9t\u00e9<\/b><\/p>\n<p>Solutions 2grow S.A. est une soci\u00e9t\u00e9 \u00e0 responsabilit\u00e9 limit\u00e9e (TVA : 094146732). Notre si\u00e8ge social est 9B Valaoritou &#8211; 10671 &#8211; Ath\u00e8nes &#8211; Gr\u00e8ce.<\/p>\n<p><b>Termes et conditions d&#8217;utilisation du site web<\/b><\/p>\n<p>Bienvenue sur notre site web. Si vous continuez \u00e0 naviguer et \u00e0 utiliser ce site web, vous acceptez de respecter et d&#8217;\u00eatre li\u00e9 par les conditions d&#8217;utilisation suivantes, qui, avec notre politique de confidentialit\u00e9, r\u00e9gissent les relations entre Solutions 2grow S.A. et vous en ce qui concerne ce site web. Si vous n&#8217;\u00eates pas d&#8217;accord avec une partie de ces termes et conditions, veuillez ne pas utiliser notre site web.<\/p>\n<p>Le terme \u00ab Solutions 2grow S.A. \u00bb ou \u00ab nous \u00bb se r\u00e9f\u00e8re au propri\u00e9taire du site web dont le bureau est 9B Valaoritou &#8211; 10671 &#8211; Ath\u00e8nes &#8211; Gr\u00e8ce. Le terme \u00ab vous \u00bb d\u00e9signe l&#8217;utilisateur ou le visiteur de notre site web.<\/p>\n<p>Votre utilisation de ce site web est soumise aux conditions d&#8217;utilisation suivantes :<\/p>\n<p>Le contenu des pages de ce site est destin\u00e9 \u00e0 votre information et \u00e0 votre utilisation g\u00e9n\u00e9rales uniquement. Le contenu des pages de ce site est destin\u00e9 \u00e0 votre information g\u00e9n\u00e9rale et \u00e0 votre utilisation uniquement.<\/p>\n<p>Ce site web utilise des cookies. Pour plus d&#8217;informations sur l&#8217;utilisation des cookies, veuillez consulter notre page Politique en mati\u00e8re de confidentialit\u00e9 et de cookies.<br \/>\nNi nous ni les tiers ne garantissons l&#8217;exactitude, l&#8217;actualit\u00e9, la performance, l&#8217;exhaustivit\u00e9 ou l&#8217;ad\u00e9quation des informations et du mat\u00e9riel trouv\u00e9s ou propos\u00e9s sur ce site web \u00e0 des fins particuli\u00e8res. Vous reconnaissez que ces informations et mat\u00e9riaux peuvent contenir des inexactitudes ou des erreurs, et nous d\u00e9clinons express\u00e9ment toute responsabilit\u00e9 en cas d&#8217;inexactitudes ou d&#8217;erreurs dans toute la mesure permise par la loi.<br \/>\nL&#8217;utilisation d&#8217;informations ou de documents sur ce site se fait enti\u00e8rement \u00e0 vos risques et p\u00e9rils, et nous n&#8217;en sommes pas responsables. Il vous incombe de vous assurer que les produits, services ou informations disponibles sur ce site r\u00e9pondent \u00e0 vos besoins sp\u00e9cifiques.<br \/>\nCe site web contient du mat\u00e9riel qui nous appartient ou qui nous est conc\u00e9d\u00e9 sous licence. Ce mat\u00e9riel comprend, sans s&#8217;y limiter, la conception, la mise en page, l&#8217;apparence et les graphiques. La reproduction n&#8217;est interdite que sous r\u00e9serve de l&#8217;avis de droit d&#8217;auteur, qui fait partie des pr\u00e9sentes conditions g\u00e9n\u00e9rales.<\/p>\n<p>Toutes les marques reproduites sur ce site web, qui ne sont pas d\u00e9tenues ou licenci\u00e9es, sont reconnues sur le site web.<br \/>\nL&#8217;utilisation non autoris\u00e9e de ce site web peut donner lieu \u00e0 une demande de dommages-int\u00e9r\u00eats et\/ou \u00e0 une infraction p\u00e9nale.<br \/>\nDe temps \u00e0 autre, ce site web peut \u00e9galement inclure des liens vers d&#8217;autres sites web. Ces liens sont fournis pour faciliter l&#8217;obtention d&#8217;informations compl\u00e9mentaires. Ils ne signifient pas que nous approuvons ces sites. Nous ne sommes pas responsables du contenu des sites li\u00e9s.<br \/>\nVotre utilisation de ce site web et tout litige d\u00e9coulant de votre utilisation de ce site web sont soumis aux lois de la Gr\u00e8ce.<\/p>\n<p><b>Propri\u00e9t\u00e9 intellectuelle<\/b><\/p>\n<p>Ce site et son contenu sont la propri\u00e9t\u00e9 intellectuelle de Solutions 2grow S.A.. Tous droits r\u00e9serv\u00e9s.<\/p>\n<p>Toute redistribution ou reproduction d&#8217;une partie ou de la totalit\u00e9 du contenu sous quelque forme que ce soit est interdite, \u00e0 l&#8217;exception de ce qui suit :<\/p>\n<p>Vous pouvez imprimer ou t\u00e9l\u00e9charger le contenu localement sur un disque dur pour un usage personnel et non commercial uniquement.<\/p>\n<p>Vous pouvez copier le contenu \u00e0 des tiers individuels pour leur usage personnel, mais seulement si vous reconnaissez et cr\u00e9ditez le site comme source du mat\u00e9riel.<\/p>\n<p>Vous ne pouvez pas, sauf autorisation \u00e9crite expresse, distribuer ou exploiter commercialement le contenu. Vous ne pouvez pas non plus le transmettre ou le stocker sur un autre site web ou une autre forme de syst\u00e8me de r\u00e9cup\u00e9ration \u00e9lectronique.[\/vc_column_text][\/vc_column][\/vc_row][vc_row ct_row_stretch=&#8221;&#8221;][vc_column][vc_empty_space][\/vc_column][\/vc_row]<\/p>\n<\/div>","protected":false},"excerpt":{"rendered":"<p>[vc_row ct_row_stretch=&#8221;&#8221;][vc_column][vc_column_text css=&#8221;&#8221;]Droits d&#8217;auteur \/ Conditions d&#8217;utilisation Informations sur la soci\u00e9t\u00e9 Solutions 2grow S.A. est une soci\u00e9t\u00e9 \u00e0 responsabilit\u00e9 limit\u00e9e (TVA : 094146732). Notre si\u00e8ge social est 9B Valaoritou &#8211; 10671 &#8211; Ath\u00e8nes &#8211; Gr\u00e8ce. Termes et conditions d&#8217;utilisation du site web Bienvenue sur notre site web. Si vous continuez \u00e0 naviguer et \u00e0 utiliser [&hellip;]<\/p>\n","protected":false},"author":1,"featured_media":0,"parent":0,"menu_order":0,"comment_status":"closed","ping_status":"closed","template":"","meta":{"footnotes":""},"class_list":["post-88","page","type-page","status-publish","hentry"],"_links":{"self":[{"href":"https:\/\/www.nano2grow.com\/fr\/wp-json\/wp\/v2\/pages\/88","targetHints":{"allow":["GET"]}}],"collection":[{"href":"https:\/\/www.nano2grow.com\/fr\/wp-json\/wp\/v2\/pages"}],"about":[{"href":"https:\/\/www.nano2grow.com\/fr\/wp-json\/wp\/v2\/types\/page"}],"author":[{"embeddable":true,"href":"https:\/\/www.nano2grow.com\/fr\/wp-json\/wp\/v2\/users\/1"}],"replies":[{"embeddable":true,"href":"https:\/\/www.nano2grow.com\/fr\/wp-json\/wp\/v2\/comments?post=88"}],"version-history":[{"count":3,"href":"https:\/\/www.nano2grow.com\/fr\/wp-json\/wp\/v2\/pages\/88\/revisions"}],"predecessor-version":[{"id":155,"href":"https:\/\/www.nano2grow.com\/fr\/wp-json\/wp\/v2\/pages\/88\/revisions\/155"}],"wp:attachment":[{"href":"https:\/\/www.nano2grow.com\/fr\/wp-json\/wp\/v2\/media?parent=88"}],"curies":[{"name":"wp","href":"https:\/\/api.w.org\/{rel}","templated":true}]}}